{"id":988369,"date":"2022-11-16T04:33:55","date_gmt":"2022-11-16T04:33:55","guid":{"rendered":"https:\/\/site2022.grefortec.com.br\/?page_id=988369"},"modified":"2023-01-05T01:29:53","modified_gmt":"2023-01-05T01:29:53","slug":"nitretacao","status":"publish","type":"page","link":"https:\/\/site2022.grefortec.com.br\/index.php\/tratamento-termico\/nitretacao\/","title":{"rendered":"Nitreta\u00e7\u00e3o"},"content":{"rendered":"<div class=\"vgblk-rw-wrapper limit-wrapper\">\n<h2>\n\tNitreta\u00e7\u00e3o\n\t<\/h2>\n\t\n\t\t \t<div class=\"item\">            \n\t      <div class=\"clearfix\" style=\"max-width:Arraypx;\">\n\n\t        <ul id=\"gwts-gwl-img-gallery988707\" class=\"gwts-gwl-slidergal list-unstyled cS-hidden\" data-litebx=\"false\">\n\t\t\t\t    \n\t\t\t\t\t \t\t<li data-thumb=\"https:\/\/site2022.grefortec.com.br\/wp-content\/uploads\/2023\/01\/5-150x150.webp\" data-responsive=\"https:\/\/site2022.grefortec.com.br\/wp-content\/uploads\/2023\/01\/5-150x150.webp\" data-src=\"https:\/\/site2022.grefortec.com.br\/wp-content\/uploads\/2023\/01\/5.webp\" class=\"\"> \n              \t<img decoding=\"async\" src=\"https:\/\/site2022.grefortec.com.br\/wp-content\/uploads\/2023\/01\/5.webp\" alt=\"\"\/>\n              \t\t              <\/li>\n\t\t\t\t\t \t\n\t\t\t\t\t \t\t<li data-thumb=\"https:\/\/site2022.grefortec.com.br\/wp-content\/uploads\/2023\/01\/4-150x150.webp\" data-responsive=\"https:\/\/site2022.grefortec.com.br\/wp-content\/uploads\/2023\/01\/4-150x150.webp\" data-src=\"https:\/\/site2022.grefortec.com.br\/wp-content\/uploads\/2023\/01\/4.webp\" class=\"\"> \n              \t<img decoding=\"async\" src=\"https:\/\/site2022.grefortec.com.br\/wp-content\/uploads\/2023\/01\/4.webp\" alt=\"\"\/>\n              \t\t              <\/li>\n\t\t\t\t\t \t\n\t\t\t\t\t \t\t<li data-thumb=\"https:\/\/site2022.grefortec.com.br\/wp-content\/uploads\/2023\/01\/3-150x150.webp\" data-responsive=\"https:\/\/site2022.grefortec.com.br\/wp-content\/uploads\/2023\/01\/3-150x150.webp\" data-src=\"https:\/\/site2022.grefortec.com.br\/wp-content\/uploads\/2023\/01\/3.webp\" class=\"\"> \n              \t<img decoding=\"async\" src=\"https:\/\/site2022.grefortec.com.br\/wp-content\/uploads\/2023\/01\/3.webp\" alt=\"\"\/>\n              \t\t              <\/li>\n\t\t\t\t\t \t\n\t\t\t\t\t \t\t<li data-thumb=\"https:\/\/site2022.grefortec.com.br\/wp-content\/uploads\/2023\/01\/2-150x150.webp\" data-responsive=\"https:\/\/site2022.grefortec.com.br\/wp-content\/uploads\/2023\/01\/2-150x150.webp\" data-src=\"https:\/\/site2022.grefortec.com.br\/wp-content\/uploads\/2023\/01\/2.webp\" class=\"\"> \n              \t<img decoding=\"async\" src=\"https:\/\/site2022.grefortec.com.br\/wp-content\/uploads\/2023\/01\/2.webp\" alt=\"\"\/>\n              \t\t              <\/li>\n\t\t\t\t\t \t\n\t\t\t\t\t \t\t<li data-thumb=\"https:\/\/site2022.grefortec.com.br\/wp-content\/uploads\/2023\/01\/1-150x150.webp\" data-responsive=\"https:\/\/site2022.grefortec.com.br\/wp-content\/uploads\/2023\/01\/1-150x150.webp\" data-src=\"https:\/\/site2022.grefortec.com.br\/wp-content\/uploads\/2023\/01\/1.webp\" class=\"\"> \n              \t<img decoding=\"async\" src=\"https:\/\/site2022.grefortec.com.br\/wp-content\/uploads\/2023\/01\/1.webp\" alt=\"\"\/>\n              \t\t              <\/li>\n\t\t\t\t\t \t\t\t\t\t\t<\/ul>\n\t\t\t\t<\/div>\n\t\t\t<\/div>\n\t\t\t<style type=\"text\/css\">\n\t\t\t\t.lSSlideOuter .lSSlideWrapper ul li img{\n\t\t\t\t  width: 100%;\n\t\t\t\t}\n\t\t\t<\/style>\n\n\t\t\t\t\t\t\t<script>\n\t\t\t\t\tjQuery(document).ready(function() {\n            var count  = 0\n              if (count === 1) return;\n              jQuery('#gwts-gwl-img-gallery988707').addClass('cS-hidden');\n                jQuery('#gwts-gwl-img-gallery988707').lightSlider({\n                  gallery:true,\t                        \n                  speed:500,\n                  auto:false,\n                  item: 1,\n\t\t\t\t\t\t\t    loop: false,\n\t\t\t\t\t\t\t    thumbItem: 6,\n\t\t\t\t\t\t\t    vertical: true,\n\t\t\t\t\t\t\t    verticalHeight:450,\n\t\t\t\t\t\t\t    vThumbWidth:100,\n\t\t\t\t\t\t\t    thumbMargin:4,\n\t\t\t\t\t\t\t    controls:false,\/\/navigation\n\t\t\t\t\t\t\t    responsive : [\n\t\t\t            {\n\t\t                breakpoint:800,\n\t\t                settings: {\n\t                    item:1,\n\t                    slideMove:1,\n\t                    verticalHeight:370,\n\t                    thumbItem:6,\n\t                  }\n\t\t\t            },\n\t\t\t            {\n\t\t                breakpoint:641,\n\t\t                settings: {\n\t                    item:1,\n\t                    slideMove:1,\n\t                    verticalHeight:300,\n\t                    thumbItem:6,\n\t                  }\n\t\t\t            },\n\t\t\t            {\n\t\t                breakpoint:480,\n\t\t                settings: {\n\t                    item:1,\n\t                    slideMove:1,\n\t                    verticalHeight:200,\n\t                    thumbItem:4,\n\t                  }\n\t\t\t            },\t\t\t\t\t\t           \n\t\t\t        \t],\n\n                onSliderLoad: function(obj) {\n                jQuery('#gwts-gwl-img-gallery988707').removeClass('cS-hidden');\n\t                var lithbox = jQuery('#gwts-gwl-img-gallery988707').attr(\"data-litebx\");\n\t\t\t\t\t\t\t\t\tif(lithbox=='true'){\n\t\t\t\t\t\t\t\t\t\tobj.lightGallery({\n\t\t\t\t              selector: '#gwts-gwl-img-gallery988707 .lslide'\n\t\t\t\t            });\n\t\t\t\t\t\t\t\t\t}            \n                } \n              });\n            count++;\n          });\n\t      <\/script>\n\t\t\t\t\n\t<p>Este processo consiste na introdu\u00e7\u00e3o de nitrog\u00eanio na superf\u00edcie do a\u00e7o, pelo aquecimento do mesmo entre 500 e 570\u00baC, com o objetivo de formar uma camada dura de nitretos.<\/p>\n<p>Por utilizar temperaturas menores que as da cementa\u00e7\u00e3o, a nitreta\u00e7\u00e3o produz menor distor\u00e7\u00e3o e tem menor tend\u00eancia a causar trincas no material.<\/p>\n<p><strong>A Grefortec tamb\u00e9m fabrica fornos para o Tratamento T\u00e9rmico de nitreta\u00e7\u00e3o, como:<\/strong><\/p>\n<ul>\n<li><a href=\"https:\/\/site2022.grefortec.com.br\/?page_id=988181\">Forno C\u00e2mara com Atmosfera Controlada (nitreta\u00e7\u00e3o e carbonitreta\u00e7\u00e3o)<\/a><\/li>\n<li><a href=\"https:\/\/site2022.grefortec.com.br\/?page_id=988203\">Forno Tipo Po\u00e7o com Atmosfera Controlada (nitreta\u00e7\u00e3o e carbonitreta\u00e7\u00e3o)<\/a><\/li>\n<li><a href=\"https:\/\/site2022.grefortec.com.br\/?page_id=988216\">Forno Cont\u00ednuo (carbonitreta\u00e7\u00e3o) <\/a><\/li>\n<\/ul>\n<h2>\n\tBenef\u00edcios da Manuten\u00e7\u00e3o <br \/><strong>Grefortec<\/strong>\n\t<\/h2>\n\t<p>Contamos com uma equipe qualificada para atender manuten\u00e7\u00f5es corretivas e preventivas em equipamento industriais da nossa marca e tamb\u00e9m de outros fabricantes. Nossos profissionais s\u00e3o treinados e habilitados de acordo com as Normas de Seguran\u00e7a. Vamos at\u00e9 sua empresa para realizar a manuten\u00e7\u00e3o in loco.<\/p>\n\t\t\t\t\t\t\t65%\t\t\t\t\n\t\t\t<style>\n\t\t\t\t.fl-node- .fl-number-bars-container {\n\t\t\t\t\tbackground-color: var( --vamtam-accent-color-7 );\n\t\t\t\t}\n\t\t\t\t.fl-node- .fl-number-bar {\n\t\t\t\t\tbackground-color: var( --vamtam-accent-color-1 );\n\t\t\t\t}\n\t\t\t<\/style>\n\t<p>Do tempo de produ\u00e7\u00e3o \u00e9 desperdi\u00e7ado pela falta de manuten\u00e7\u00e3o <\/p>\n\t\t\t\t\t\t\t88%\t\t\t\t\n\t\t\t<style>\n\t\t\t\t.fl-node- .fl-number-bars-container {\n\t\t\t\t\tbackground-color: var( --vamtam-accent-color-7 );\n\t\t\t\t}\n\t\t\t\t.fl-node- .fl-number-bar {\n\t\t\t\t\tbackground-color: var( --vamtam-accent-color-1 );\n\t\t\t\t}\n\t\t\t<\/style>\n\t<p>Das empresas industriais utilizam a manuten\u00e7\u00e3o preventiva<\/p>\n\t\t\t\t\t\t\t97%\t\t\t\t\n\t\t\t<style>\n\t\t\t\t.fl-node- .fl-number-bars-container {\n\t\t\t\t\tbackground-color: var( --vamtam-accent-color-7 );\n\t\t\t\t}\n\t\t\t\t.fl-node- .fl-number-bar {\n\t\t\t\t\tbackground-color: var( --vamtam-accent-color-1 );\n\t\t\t\t}\n\t\t\t<\/style>\n\t<p>\u00c9 o \u00edndice de satisfa\u00e7\u00e3o com a manuten\u00e7\u00e3o Grefortec<\/p>\n<h3>\n\tReformas e Retrofit\n\t<\/h3>\n\t<p>Equipe especializada em reformas gerais, recuperando desde a estrutura e chaparia at\u00e9 as partes eletroeletr\u00f4nicas. A Grefortec tamb\u00e9m possui Know-Wow para servi\u00e7os de retrofit, reformas refrat\u00e1rias e de isola\u00e7\u00e3o.<\/p>\n<h3>\n\tDisponibilidade 24h\n\t<\/h3>\n\t<p>Nossa equipe t\u00e9cnica est\u00e1 dispon\u00edvel 24h por dia, com a possibilidade de realizar a manuten\u00e7\u00e3o in loco, sem necessidade de deslocamento. N\u00f3s vamos at\u00e9 a sua empresa!<\/p>\n\t<h2><strong>Pe\u00e7as de Reposi\u00e7\u00e3o<\/strong><\/h2>\n<p>Resist\u00eancias, tubos radiantes, correntes transportadoras, recirculadores de atmosfera, cestos, grelhas e itens diversos:<\/p>\n\t\t\t\t\t\t\t<img decoding=\"async\" loading=\"lazy\" src=\"https:\/\/site2022.grefortec.com.br\/wp-content\/uploads\/2022\/10\/resistencias-630x420.jpeg\" alt=\"Resist\u00eancia\" itemprop=\"image\" height=\"420\" width=\"630\" title=\"resistencias\" onerror=\"this.style.display='none'\"  sizes=\"auto, (max-width: 768px) 100vw, 100vw\" srcset=\"data:image\/svg+xml;utf8,&lt;svg%20xmlns=&quot;http:\/\/www.w3.org\/2000\/svg&quot;%20viewBox=&quot;0%200%20900%20600&quot;%20height=&quot;600px&quot;%20width=&quot;900px&quot;\/&gt;\" data-srcset=\"https:\/\/site2022.grefortec.com.br\/wp-content\/uploads\/2022\/10\/resistencias-630x420.jpeg 630w, https:\/\/site2022.grefortec.com.br\/wp-content\/uploads\/2022\/10\/resistencias-300x200.jpeg 300w, https:\/\/site2022.grefortec.com.br\/wp-content\/uploads\/2022\/10\/resistencias-768x512.jpeg 768w, https:\/\/site2022.grefortec.com.br\/wp-content\/uploads\/2022\/10\/resistencias-420x280.jpeg 420w, https:\/\/site2022.grefortec.com.br\/wp-content\/uploads\/2022\/10\/resistencias-840x560.jpeg 840w, https:\/\/site2022.grefortec.com.br\/wp-content\/uploads\/2022\/10\/resistencias-315x210.jpeg 315w, https:\/\/site2022.grefortec.com.br\/wp-content\/uploads\/2022\/10\/resistencias.jpeg 900w\" \/>\t\t\t\t\t\t\t\n\t<h4>Resist\u00eancia<\/h4>\n\t\t\t\t\t\t\t<img decoding=\"async\" loading=\"lazy\" src=\"https:\/\/site2022.grefortec.com.br\/wp-content\/uploads\/2022\/10\/tubos-radiantes-630x420.jpeg\" alt=\"tubos-radiantes\" itemprop=\"image\" height=\"420\" width=\"630\" title=\"tubos-radiantes\" onerror=\"this.style.display='none'\"  sizes=\"auto, (max-width: 768px) 100vw, 100vw\" srcset=\"data:image\/svg+xml;utf8,&lt;svg%20xmlns=&quot;http:\/\/www.w3.org\/2000\/svg&quot;%20viewBox=&quot;0%200%20900%20600&quot;%20height=&quot;600px&quot;%20width=&quot;900px&quot;\/&gt;\" data-srcset=\"https:\/\/site2022.grefortec.com.br\/wp-content\/uploads\/2022\/10\/tubos-radiantes-630x420.jpeg 630w, https:\/\/site2022.grefortec.com.br\/wp-content\/uploads\/2022\/10\/tubos-radiantes-300x200.jpeg 300w, https:\/\/site2022.grefortec.com.br\/wp-content\/uploads\/2022\/10\/tubos-radiantes-768x512.jpeg 768w, https:\/\/site2022.grefortec.com.br\/wp-content\/uploads\/2022\/10\/tubos-radiantes-420x280.jpeg 420w, https:\/\/site2022.grefortec.com.br\/wp-content\/uploads\/2022\/10\/tubos-radiantes-840x560.jpeg 840w, https:\/\/site2022.grefortec.com.br\/wp-content\/uploads\/2022\/10\/tubos-radiantes-315x210.jpeg 315w, https:\/\/site2022.grefortec.com.br\/wp-content\/uploads\/2022\/10\/tubos-radiantes.jpeg 900w\" \/>\t\t\t\t\t\t\t\n\t<h4>Tubos Radiadores<\/h4>\n\t\t\t\t\t\t\t<img decoding=\"async\" loading=\"lazy\" src=\"https:\/\/site2022.grefortec.com.br\/wp-content\/uploads\/2022\/10\/correntes-transportadoras-630x420.jpeg\" alt=\"correntes-transportadoras\" itemprop=\"image\" height=\"420\" width=\"630\" title=\"correntes-transportadoras\" onerror=\"this.style.display='none'\"  sizes=\"auto, (max-width: 768px) 100vw, 100vw\" srcset=\"data:image\/svg+xml;utf8,&lt;svg%20xmlns=&quot;http:\/\/www.w3.org\/2000\/svg&quot;%20viewBox=&quot;0%200%20900%20600&quot;%20height=&quot;600px&quot;%20width=&quot;900px&quot;\/&gt;\" data-srcset=\"https:\/\/site2022.grefortec.com.br\/wp-content\/uploads\/2022\/10\/correntes-transportadoras-630x420.jpeg 630w, https:\/\/site2022.grefortec.com.br\/wp-content\/uploads\/2022\/10\/correntes-transportadoras-300x200.jpeg 300w, https:\/\/site2022.grefortec.com.br\/wp-content\/uploads\/2022\/10\/correntes-transportadoras-768x512.jpeg 768w, https:\/\/site2022.grefortec.com.br\/wp-content\/uploads\/2022\/10\/correntes-transportadoras-420x280.jpeg 420w, https:\/\/site2022.grefortec.com.br\/wp-content\/uploads\/2022\/10\/correntes-transportadoras-840x560.jpeg 840w, https:\/\/site2022.grefortec.com.br\/wp-content\/uploads\/2022\/10\/correntes-transportadoras-315x210.jpeg 315w, https:\/\/site2022.grefortec.com.br\/wp-content\/uploads\/2022\/10\/correntes-transportadoras.jpeg 900w\" \/>\t\t\t\t\t\t\t\n\t<h4>Correntes Transportadoras<\/h4>\n\t\t\t\t\t\t\t<img decoding=\"async\" loading=\"lazy\" src=\"https:\/\/site2022.grefortec.com.br\/wp-content\/uploads\/2022\/10\/recirculadores.jpeg\" alt=\"recirculadores\" itemprop=\"image\" height=\"600\" width=\"900\" title=\"recirculadores\" onerror=\"this.style.display='none'\"  sizes=\"auto, (max-width: 768px) 100vw, 100vw\" srcset=\"data:image\/svg+xml;utf8,&lt;svg%20xmlns=&quot;http:\/\/www.w3.org\/2000\/svg&quot;%20viewBox=&quot;0%200%20900%20600&quot;%20height=&quot;600px&quot;%20width=&quot;900px&quot;\/&gt;\" data-srcset=\"https:\/\/site2022.grefortec.com.br\/wp-content\/uploads\/2022\/10\/recirculadores.jpeg 900w, https:\/\/site2022.grefortec.com.br\/wp-content\/uploads\/2022\/10\/recirculadores-300x200.jpeg 300w, https:\/\/site2022.grefortec.com.br\/wp-content\/uploads\/2022\/10\/recirculadores-768x512.jpeg 768w, https:\/\/site2022.grefortec.com.br\/wp-content\/uploads\/2022\/10\/recirculadores-630x420.jpeg 630w, https:\/\/site2022.grefortec.com.br\/wp-content\/uploads\/2022\/10\/recirculadores-420x280.jpeg 420w, https:\/\/site2022.grefortec.com.br\/wp-content\/uploads\/2022\/10\/recirculadores-840x560.jpeg 840w, https:\/\/site2022.grefortec.com.br\/wp-content\/uploads\/2022\/10\/recirculadores-315x210.jpeg 315w\" \/>\t\t\t\t\t\t\t\n\t<h4>Circuladores de Atmosfera<\/h4>\n\t\t\t\t\t\t\t<img decoding=\"async\" loading=\"lazy\" src=\"https:\/\/site2022.grefortec.com.br\/wp-content\/uploads\/2022\/10\/cestos-grelhas-300x200-1.jpeg\" alt=\"cestos-grelhas-300x200\" itemprop=\"image\" height=\"200\" width=\"300\" title=\"cestos-grelhas-300x200\" onerror=\"this.style.display='none'\"  sizes=\"auto, (max-width: 768px) 100vw, 100vw\"\/>\t\t\t\t\t\t\t\n\t<h4>Cestos e Grelhas<\/h4>\n\t\t\t\t\t\t\t<img decoding=\"async\" loading=\"lazy\" src=\"https:\/\/site2022.grefortec.com.br\/wp-content\/uploads\/2022\/10\/itens-diversos.jpeg\" alt=\"itens-diversos\" itemprop=\"image\" height=\"600\" width=\"900\" title=\"itens-diversos\" onerror=\"this.style.display='none'\"  sizes=\"auto, (max-width: 768px) 100vw, 100vw\" srcset=\"data:image\/svg+xml;utf8,&lt;svg%20xmlns=&quot;http:\/\/www.w3.org\/2000\/svg&quot;%20viewBox=&quot;0%200%20900%20600&quot;%20height=&quot;600px&quot;%20width=&quot;900px&quot;\/&gt;\" data-srcset=\"https:\/\/site2022.grefortec.com.br\/wp-content\/uploads\/2022\/10\/itens-diversos.jpeg 900w, https:\/\/site2022.grefortec.com.br\/wp-content\/uploads\/2022\/10\/itens-diversos-300x200.jpeg 300w, https:\/\/site2022.grefortec.com.br\/wp-content\/uploads\/2022\/10\/itens-diversos-768x512.jpeg 768w, https:\/\/site2022.grefortec.com.br\/wp-content\/uploads\/2022\/10\/itens-diversos-630x420.jpeg 630w, https:\/\/site2022.grefortec.com.br\/wp-content\/uploads\/2022\/10\/itens-diversos-420x280.jpeg 420w, https:\/\/site2022.grefortec.com.br\/wp-content\/uploads\/2022\/10\/itens-diversos-840x560.jpeg 840w, https:\/\/site2022.grefortec.com.br\/wp-content\/uploads\/2022\/10\/itens-diversos-315x210.jpeg 315w\" \/>\t\t\t\t\t\t\t\n\t<h4>Itens Diversos<\/h4>\n\t<h2><strong>Solicitar Or\u00e7amento<\/strong><\/h2>\n    Aviso: O JavaScript \u00e9 necess\u00e1rio para esse conte\u00fado.\n        <!-- TODO: Move to Template File. -->\n        \n<\/div><!-- .vgblk-rw-wrapper -->","protected":false},"excerpt":{"rendered":"<p>Nitreta\u00e7\u00e3o Este processo consiste na introdu\u00e7\u00e3o de nitrog\u00eanio na superf\u00edcie do a\u00e7o, pelo aquecimento do mesmo entre 500 e 570\u00baC, com o objetivo de formar uma camada dura de nitretos. Por utilizar temperaturas menores que as da cementa\u00e7\u00e3o, a nitreta\u00e7\u00e3o produz menor distor\u00e7\u00e3o e tem menor tend\u00eancia a causar trincas no material. A Grefortec tamb\u00e9m&#8230;<\/p>\n","protected":false},"author":1,"featured_media":0,"parent":12320,"menu_order":0,"comment_status":"closed","ping_status":"closed","template":"","meta":{"inline_featured_image":false,"footnotes":""},"class_list":["post-988369","page","type-page","status-publish","hentry"],"jetpack_sharing_enabled":true,"_links":{"self":[{"href":"https:\/\/site2022.grefortec.com.br\/index.php\/wp-json\/wp\/v2\/pages\/988369","targetHints":{"allow":["GET"]}}],"collection":[{"href":"https:\/\/site2022.grefortec.com.br\/index.php\/wp-json\/wp\/v2\/pages"}],"about":[{"href":"https:\/\/site2022.grefortec.com.br\/index.php\/wp-json\/wp\/v2\/types\/page"}],"author":[{"embeddable":true,"href":"https:\/\/site2022.grefortec.com.br\/index.php\/wp-json\/wp\/v2\/users\/1"}],"replies":[{"embeddable":true,"href":"https:\/\/site2022.grefortec.com.br\/index.php\/wp-json\/wp\/v2\/comments?post=988369"}],"version-history":[{"count":7,"href":"https:\/\/site2022.grefortec.com.br\/index.php\/wp-json\/wp\/v2\/pages\/988369\/revisions"}],"predecessor-version":[{"id":988708,"href":"https:\/\/site2022.grefortec.com.br\/index.php\/wp-json\/wp\/v2\/pages\/988369\/revisions\/988708"}],"up":[{"embeddable":true,"href":"https:\/\/site2022.grefortec.com.br\/index.php\/wp-json\/wp\/v2\/pages\/12320"}],"wp:attachment":[{"href":"https:\/\/site2022.grefortec.com.br\/index.php\/wp-json\/wp\/v2\/media?parent=988369"}],"curies":[{"name":"wp","href":"https:\/\/api.w.org\/{rel}","templated":true}]}}