{"id":988172,"date":"2022-11-08T01:51:48","date_gmt":"2022-11-08T01:51:48","guid":{"rendered":"https:\/\/site2022.grefortec.com.br\/?page_id=988172"},"modified":"2023-01-06T03:07:21","modified_gmt":"2023-01-06T03:07:21","slug":"lavadoras-flexiclean","status":"publish","type":"page","link":"https:\/\/site2022.grefortec.com.br\/index.php\/equipamentos-industriais\/lavadoras\/lavadoras-flexiclean\/","title":{"rendered":"Lavadoras Flexiclean"},"content":{"rendered":"<div class=\"vgblk-rw-wrapper limit-wrapper\">\n<h2>\n\tLavadoras Flexiclean\n\t<\/h2>\n\n\t\t \t<div class=\"item\">            \n\t      <div class=\"clearfix\" style=\"max-width:Arraypx;\">\n\n\t        <ul id=\"gwts-gwl-img-gallery988174\" class=\"gwts-gwl-slidergal list-unstyled cS-hidden\" data-litebx=\"false\">\n\t\t\t\t    \n\t\t\t\t\t \t\t<li data-thumb=\"https:\/\/site2022.grefortec.com.br\/wp-content\/uploads\/2022\/11\/Flexiclean-150x150.jpg\" data-responsive=\"https:\/\/site2022.grefortec.com.br\/wp-content\/uploads\/2022\/11\/Flexiclean-150x150.jpg\" data-src=\"https:\/\/site2022.grefortec.com.br\/wp-content\/uploads\/2022\/11\/Flexiclean.jpg\" class=\"\"> \n              \t<img decoding=\"async\" src=\"https:\/\/site2022.grefortec.com.br\/wp-content\/uploads\/2022\/11\/Flexiclean.jpg\" alt=\"\"\/>\n              \t\t              <\/li>\n\t\t\t\t\t \t\t\t\t\t\t<\/ul>\n\t\t\t\t<\/div>\n\t\t\t<\/div>\n\t\t\t<style type=\"text\/css\">\n\t\t\t\t.lSSlideOuter .lSSlideWrapper ul li img{\n\t\t\t\t  width: 100%;\n\t\t\t\t}\n\t\t\t<\/style>\n\n\t\t\t\t\t\t\t<script>\n\t\t\t\t\tjQuery(document).ready(function() {\n            var count  = 0\n              if (count === 1) return;\n              jQuery('#gwts-gwl-img-gallery988174').addClass('cS-hidden');\n                jQuery('#gwts-gwl-img-gallery988174').lightSlider({\n                  gallery:true,\t                        \n                  speed:500,\n                  auto:false,\n                  item: 1,\n\t\t\t\t\t\t\t    loop: false,\n\t\t\t\t\t\t\t    thumbItem: 6,\n\t\t\t\t\t\t\t    vertical: true,\n\t\t\t\t\t\t\t    verticalHeight:450,\n\t\t\t\t\t\t\t    vThumbWidth:100,\n\t\t\t\t\t\t\t    thumbMargin:4,\n\t\t\t\t\t\t\t    controls:false,\/\/navigation\n\t\t\t\t\t\t\t    responsive : [\n\t\t\t            {\n\t\t                breakpoint:800,\n\t\t                settings: {\n\t                    item:1,\n\t                    slideMove:1,\n\t                    verticalHeight:370,\n\t                    thumbItem:6,\n\t                  }\n\t\t\t            },\n\t\t\t            {\n\t\t                breakpoint:641,\n\t\t                settings: {\n\t                    item:1,\n\t                    slideMove:1,\n\t                    verticalHeight:300,\n\t                    thumbItem:6,\n\t                  }\n\t\t\t            },\n\t\t\t            {\n\t\t                breakpoint:480,\n\t\t                settings: {\n\t                    item:1,\n\t                    slideMove:1,\n\t                    verticalHeight:200,\n\t                    thumbItem:4,\n\t                  }\n\t\t\t            },\t\t\t\t\t\t           \n\t\t\t        \t],\n\n                onSliderLoad: function(obj) {\n                jQuery('#gwts-gwl-img-gallery988174').removeClass('cS-hidden');\n\t                var lithbox = jQuery('#gwts-gwl-img-gallery988174').attr(\"data-litebx\");\n\t\t\t\t\t\t\t\t\tif(lithbox=='true'){\n\t\t\t\t\t\t\t\t\t\tobj.lightGallery({\n\t\t\t\t              selector: '#gwts-gwl-img-gallery988174 .lslide'\n\t\t\t\t            });\n\t\t\t\t\t\t\t\t\t}            \n                } \n              });\n            count++;\n          });\n\t      <\/script>\n\t\t\t\t\n\t\n\t\t \t<div class=\"item\">            \n\t      <div class=\"clearfix\" >\n\n\t        <ul id=\"gwts-gwl-img-gallery988821\" class=\"gwts-gwl-slidergal list-unstyled cS-hidden\" data-litebx=\"false\">\n\t\t\t\t    \n\t\t\t\t\t \t\t<li data-thumb=\"https:\/\/site2022.grefortec.com.br\/wp-content\/uploads\/2022\/11\/Flexiclean-150x150.jpg\" data-responsive=\"https:\/\/site2022.grefortec.com.br\/wp-content\/uploads\/2022\/11\/Flexiclean-150x150.jpg\" data-src=\"https:\/\/site2022.grefortec.com.br\/wp-content\/uploads\/2022\/11\/Flexiclean.jpg\" class=\"\"> \n              \t<img decoding=\"async\" src=\"https:\/\/site2022.grefortec.com.br\/wp-content\/uploads\/2022\/11\/Flexiclean.jpg\" alt=\"\"\/>\n              \t\t              <\/li>\n\t\t\t\t\t \t\t\t\t\t\t<\/ul>\n\t\t\t\t<\/div>\n\t\t\t<\/div>\n\t\t\t<style type=\"text\/css\">\n\t\t\t\t.lSSlideOuter .lSSlideWrapper ul li img{\n\t\t\t\t  width: 100%;\n\t\t\t\t}\n\t\t\t<\/style>\n\n\t\t\t\t\t\t\t<style>\n\t\t\t\t\t.lSSlideOuter .lSPager.lSGallery {\n\t\t\t\t\t\tmargin-left: auto;\n\t\t\t\t\t\tmargin-right: auto;\n\t\t\t\t\t}\n\t\t\t\t<\/style>\n\t\t\t\t\t\t\t\t<script>\n\t\t    \tjQuery(document).ready(function() {\n\t\t        jQuery('#gwts-gwl-img-gallery988821').lightSlider({\n              item:1,\t\t                \n              slideMargin:10,\n              addClass:'',\n              speed:500,\n              pause:2000,\n              auto:false,\n              loop:false,\n              pager:true,\n              gallery:true,\n              thumbItem:9,\n\t    \t\t\t\tcontrols:true,\n\t    \t\t\t\t\t    \t\t\t\tresponsive : [\n\t\t            {\n\t                breakpoint:800,\n\t                settings: {\n                    item:1,\n                    slideMove:1,\n                  }\n\t\t            },\n\t\t            {\n\t                breakpoint:641,\n\t                settings: {\n                    item:1,\n                    slideMove:1,\n                  }\n\t\t            },\n\t\t            {\n\t                breakpoint:480,\n\t                settings: {\n                    item:1,\n                    slideMove:1,\n                  }\n\t\t            },\t\t\t\t\t\t           \n\t\t\t\t\t\t  ],\n\t    \t\t\t\t\tuseCSS: true,\n\t        \t\t\tcssEasing: 'ease',\n\t        \t\t\teasing: 'linear',\n\t        \t\t\tkeyPress: false,\n\t        \t\t\tslideEndAnimation: true,\n\t        \t\t\tswipeThreshold: 40,        \t\t\t\n\t\t              onSliderLoad: function(el) {\n                    jQuery('#gwts-gwl-img-gallery988821').removeClass('cS-hidden');\n                    jQuery('#gwts-gwl-img-gallery988821').addClass('gwts-loaded');\n\t\t\t\t\t\t\t\n\t\t\t\t\t\t\t\t\t\tvar lithbox = jQuery('#gwts-gwl-img-gallery988821').attr(\"data-litebx\");\n\t\t\t\t\t\t\t\t\t\tif(lithbox=='true'){\n\t\t\t\t\t\t\t\t\t\t\tel.lightGallery({\n\t\t\t\t\t               selector: '#gwts-gwl-img-gallery988821 .lslide'\n\t\t\t\t\t            });\n\t\t\t\t\t\t\t\t\t\t}\t\n\t\t              }  \n\t\t\t        });\n\t\t\t\t\t});\n\t\t    \t\t\t\t<\/script>\n\t\t \n\t<p>As lavadoras Flexiclean s\u00e3o m\u00e1quinas autom\u00e1ticas para lavagem de pe\u00e7as com tecnologia patenteada pela Aichelin. Ela \u00e9 indicada onde os mais altos n\u00edveis de pureza s\u00e3o necess\u00e1rios e\/ou componentes geometricamente complexos devem ser limpos.<\/p>\n<p>Seus componentes essenciais incluem uma c\u00e2mara de limpeza a v\u00e1cuo e tanques isolados para at\u00e9 tr\u00eas agentes de limpeza, com uma bomba de v\u00e1cuo e uma bomba de spray para cada tanque. Al\u00e9m disso, esse modelo tamb\u00e9m com uma unidade de separa\u00e7\u00e3o de \u00f3leo e um sistema de aquecimento.<\/p>\n<p>Esse modelo pode ser utilizado em v\u00e1rios processos de aplica\u00e7\u00e3o, como: p\u00f3s-t\u00eampera, p\u00f3s usinagem, pe\u00e7as com cavidades, geometrias complexas e manuten\u00e7\u00f5es.<\/p>\n<p><b>Caracter\u00edsticas de constru\u00e7\u00e3o:<\/b><\/p>\n<ul>\n<li>Vapor de baixa press\u00e3o &#8220;Vacupearl\u00ae&#8221;, que atua melhorando o efeito de limpeza, mesmo em \u00e1reas inacess\u00edveis;<\/li>\n<li>Unidade de secagem a v\u00e1cuo para obter componentes completamente secos;<\/li>\n<li>Separa\u00e7\u00e3o de \u00f3leo para cada tanque;<\/li>\n<li>Troca de aquecedor sem esvaziar o tanque;<\/li>\n<li>Baixo \u00edndice de \u00e1gua residual e ar de exaust\u00e3o;<\/li>\n<li>Ciclos curtos e baixo consumo de energia;<\/li>\n<li>Contempla as Normas Brasileiras de Sa\u00fade e Seguran\u00e7a do Trabalho com: NR 10, NR 12, NR 17, relat\u00f3rio de An\u00e1lise Preliminar de Riscos, laudos de certifica\u00e7\u00e3o e ART de efetiva\u00e7\u00e3o.<\/li>\n<\/ul>\n\t<p><b>Ebuli\u00e7\u00e3o a baixa press\u00e3o Vacupearl\u00ae:<\/b><\/p>\n<p>O sistema Vacupearl\u00ae patenteado pela Aichelin funciona criando um v\u00e1cuo acima do n\u00edvel do banho. Isso faz com que o fluido de limpeza comece a &#8220;ferver&#8221; e as bolhas de vapor se formem predominantemente na superf\u00edcie da pe\u00e7a de trabalho.<\/p>\n<p>Isso fornece in\u00fameras vantagens, como maior movimento de fluido na superf\u00edcie do componente, detergentes s\u00e3o entregues diretamente na pe\u00e7a e n\u00e3o precisam ser difundidos a barreira do l\u00edquido.<\/p>\n\t<b>Secagem a V\u00e1cuo:<br \/>\n<\/b>\n<p>A secagem a v\u00e1cuo permite que \u00e1reas dif\u00edceis, como furos cegos, orif\u00edcios de lubrifica\u00e7\u00e3o finos e at\u00e9 mesmo c\u00e2maras de suc\u00e7\u00e3o sequem completamente.<\/p>\n<p>Geralmente 0.1 &#8211; 0.3% do peso da carga na \u00e1gua ir\u00e1 aderir \u00e0s pe\u00e7as de trabalho, por isso a import\u00e2ncia de uma secagem eficaz.<\/p>\n<h2>\n\tBenef\u00edcios da Manuten\u00e7\u00e3o <br \/><strong>Grefortec<\/strong>\n\t<\/h2>\n\t<p>Contamos com uma equipe qualificada para atender manuten\u00e7\u00f5es corretivas e preventivas em equipamento industriais da nossa marca e tamb\u00e9m de outros fabricantes. Nossos profissionais s\u00e3o treinados e habilitados de acordo com as Normas de Seguran\u00e7a. Vamos at\u00e9 sua empresa para realizar a manuten\u00e7\u00e3o in loco.<\/p>\n\t\t\t\t\t\t\t65%\t\t\t\t\n\t\t\t<style>\n\t\t\t\t.fl-node- .fl-number-bars-container {\n\t\t\t\t\tbackground-color: var( --vamtam-accent-color-7 );\n\t\t\t\t}\n\t\t\t\t.fl-node- .fl-number-bar {\n\t\t\t\t\tbackground-color: var( --vamtam-accent-color-1 );\n\t\t\t\t}\n\t\t\t<\/style>\n\t<p>Do tempo de produ\u00e7\u00e3o \u00e9 desperdi\u00e7ado pela falta de manuten\u00e7\u00e3o <\/p>\n\t\t\t\t\t\t\t88%\t\t\t\t\n\t\t\t<style>\n\t\t\t\t.fl-node- .fl-number-bars-container {\n\t\t\t\t\tbackground-color: var( --vamtam-accent-color-7 );\n\t\t\t\t}\n\t\t\t\t.fl-node- .fl-number-bar {\n\t\t\t\t\tbackground-color: var( --vamtam-accent-color-1 );\n\t\t\t\t}\n\t\t\t<\/style>\n\t<p>Das empresas industriais utilizam a manuten\u00e7\u00e3o preventiva<\/p>\n\t\t\t\t\t\t\t97%\t\t\t\t\n\t\t\t<style>\n\t\t\t\t.fl-node- .fl-number-bars-container {\n\t\t\t\t\tbackground-color: var( --vamtam-accent-color-7 );\n\t\t\t\t}\n\t\t\t\t.fl-node- .fl-number-bar {\n\t\t\t\t\tbackground-color: var( --vamtam-accent-color-1 );\n\t\t\t\t}\n\t\t\t<\/style>\n\t<p>\u00c9 o \u00edndice de satisfa\u00e7\u00e3o com a manuten\u00e7\u00e3o Grefortec<\/p>\n<h3>\n\tReformas e Retrofit\n\t<\/h3>\n\t<p>Equipe especializada em reformas gerais, recuperando desde a estrutura e chaparia at\u00e9 as partes eletroeletr\u00f4nicas. A Grefortec tamb\u00e9m possui Know-Wow para servi\u00e7os de retrofit, reformas refrat\u00e1rias e de isola\u00e7\u00e3o.<\/p>\n<h3>\n\tDisponibilidade 24h\n\t<\/h3>\n\t<p>Nossa equipe t\u00e9cnica est\u00e1 dispon\u00edvel 24h por dia, com a possibilidade de realizar a manuten\u00e7\u00e3o in loco, sem necessidade de deslocamento. N\u00f3s vamos at\u00e9 a sua empresa!<\/p>\n\t<h2><strong>Pe\u00e7as de Reposi\u00e7\u00e3o<\/strong><\/h2>\n<p>Resist\u00eancias, tubos radiantes, correntes transportadoras, recirculadores de atmosfera, cestos, grelhas e itens diversos:<\/p>\n\t\t\t\t\t\t\t<img decoding=\"async\" loading=\"lazy\" src=\"https:\/\/site2022.grefortec.com.br\/wp-content\/uploads\/2022\/10\/resistencias-630x420.jpeg\" alt=\"Resist\u00eancia\" itemprop=\"image\" height=\"420\" width=\"630\" title=\"resistencias\" onerror=\"this.style.display='none'\"  sizes=\"auto, (max-width: 768px) 100vw, 100vw\" srcset=\"data:image\/svg+xml;utf8,&lt;svg%20xmlns=&quot;http:\/\/www.w3.org\/2000\/svg&quot;%20viewBox=&quot;0%200%20900%20600&quot;%20height=&quot;600px&quot;%20width=&quot;900px&quot;\/&gt;\" data-srcset=\"https:\/\/site2022.grefortec.com.br\/wp-content\/uploads\/2022\/10\/resistencias-630x420.jpeg 630w, https:\/\/site2022.grefortec.com.br\/wp-content\/uploads\/2022\/10\/resistencias-300x200.jpeg 300w, https:\/\/site2022.grefortec.com.br\/wp-content\/uploads\/2022\/10\/resistencias-768x512.jpeg 768w, https:\/\/site2022.grefortec.com.br\/wp-content\/uploads\/2022\/10\/resistencias-420x280.jpeg 420w, https:\/\/site2022.grefortec.com.br\/wp-content\/uploads\/2022\/10\/resistencias-840x560.jpeg 840w, https:\/\/site2022.grefortec.com.br\/wp-content\/uploads\/2022\/10\/resistencias-315x210.jpeg 315w, https:\/\/site2022.grefortec.com.br\/wp-content\/uploads\/2022\/10\/resistencias.jpeg 900w\" \/>\t\t\t\t\t\t\t\n\t<h4>Resist\u00eancia<\/h4>\n\t\t\t\t\t\t\t<img decoding=\"async\" loading=\"lazy\" src=\"https:\/\/site2022.grefortec.com.br\/wp-content\/uploads\/2022\/10\/tubos-radiantes-630x420.jpeg\" alt=\"tubos-radiantes\" itemprop=\"image\" height=\"420\" width=\"630\" title=\"tubos-radiantes\" onerror=\"this.style.display='none'\"  sizes=\"auto, (max-width: 768px) 100vw, 100vw\" srcset=\"data:image\/svg+xml;utf8,&lt;svg%20xmlns=&quot;http:\/\/www.w3.org\/2000\/svg&quot;%20viewBox=&quot;0%200%20900%20600&quot;%20height=&quot;600px&quot;%20width=&quot;900px&quot;\/&gt;\" data-srcset=\"https:\/\/site2022.grefortec.com.br\/wp-content\/uploads\/2022\/10\/tubos-radiantes-630x420.jpeg 630w, https:\/\/site2022.grefortec.com.br\/wp-content\/uploads\/2022\/10\/tubos-radiantes-300x200.jpeg 300w, https:\/\/site2022.grefortec.com.br\/wp-content\/uploads\/2022\/10\/tubos-radiantes-768x512.jpeg 768w, https:\/\/site2022.grefortec.com.br\/wp-content\/uploads\/2022\/10\/tubos-radiantes-420x280.jpeg 420w, https:\/\/site2022.grefortec.com.br\/wp-content\/uploads\/2022\/10\/tubos-radiantes-840x560.jpeg 840w, https:\/\/site2022.grefortec.com.br\/wp-content\/uploads\/2022\/10\/tubos-radiantes-315x210.jpeg 315w, https:\/\/site2022.grefortec.com.br\/wp-content\/uploads\/2022\/10\/tubos-radiantes.jpeg 900w\" \/>\t\t\t\t\t\t\t\n\t<h4>Tubos Radiadores<\/h4>\n\t\t\t\t\t\t\t<img decoding=\"async\" loading=\"lazy\" src=\"https:\/\/site2022.grefortec.com.br\/wp-content\/uploads\/2022\/10\/correntes-transportadoras-630x420.jpeg\" alt=\"correntes-transportadoras\" itemprop=\"image\" height=\"420\" width=\"630\" title=\"correntes-transportadoras\" onerror=\"this.style.display='none'\"  sizes=\"auto, (max-width: 768px) 100vw, 100vw\" srcset=\"data:image\/svg+xml;utf8,&lt;svg%20xmlns=&quot;http:\/\/www.w3.org\/2000\/svg&quot;%20viewBox=&quot;0%200%20900%20600&quot;%20height=&quot;600px&quot;%20width=&quot;900px&quot;\/&gt;\" data-srcset=\"https:\/\/site2022.grefortec.com.br\/wp-content\/uploads\/2022\/10\/correntes-transportadoras-630x420.jpeg 630w, https:\/\/site2022.grefortec.com.br\/wp-content\/uploads\/2022\/10\/correntes-transportadoras-300x200.jpeg 300w, https:\/\/site2022.grefortec.com.br\/wp-content\/uploads\/2022\/10\/correntes-transportadoras-768x512.jpeg 768w, https:\/\/site2022.grefortec.com.br\/wp-content\/uploads\/2022\/10\/correntes-transportadoras-420x280.jpeg 420w, https:\/\/site2022.grefortec.com.br\/wp-content\/uploads\/2022\/10\/correntes-transportadoras-840x560.jpeg 840w, https:\/\/site2022.grefortec.com.br\/wp-content\/uploads\/2022\/10\/correntes-transportadoras-315x210.jpeg 315w, https:\/\/site2022.grefortec.com.br\/wp-content\/uploads\/2022\/10\/correntes-transportadoras.jpeg 900w\" \/>\t\t\t\t\t\t\t\n\t<h4>Correntes Transportadoras<\/h4>\n\t\t\t\t\t\t\t<img decoding=\"async\" loading=\"lazy\" src=\"https:\/\/site2022.grefortec.com.br\/wp-content\/uploads\/2022\/10\/recirculadores.jpeg\" alt=\"recirculadores\" itemprop=\"image\" height=\"600\" width=\"900\" title=\"recirculadores\" onerror=\"this.style.display='none'\"  sizes=\"auto, (max-width: 768px) 100vw, 100vw\" srcset=\"data:image\/svg+xml;utf8,&lt;svg%20xmlns=&quot;http:\/\/www.w3.org\/2000\/svg&quot;%20viewBox=&quot;0%200%20900%20600&quot;%20height=&quot;600px&quot;%20width=&quot;900px&quot;\/&gt;\" data-srcset=\"https:\/\/site2022.grefortec.com.br\/wp-content\/uploads\/2022\/10\/recirculadores.jpeg 900w, https:\/\/site2022.grefortec.com.br\/wp-content\/uploads\/2022\/10\/recirculadores-300x200.jpeg 300w, https:\/\/site2022.grefortec.com.br\/wp-content\/uploads\/2022\/10\/recirculadores-768x512.jpeg 768w, https:\/\/site2022.grefortec.com.br\/wp-content\/uploads\/2022\/10\/recirculadores-630x420.jpeg 630w, https:\/\/site2022.grefortec.com.br\/wp-content\/uploads\/2022\/10\/recirculadores-420x280.jpeg 420w, https:\/\/site2022.grefortec.com.br\/wp-content\/uploads\/2022\/10\/recirculadores-840x560.jpeg 840w, https:\/\/site2022.grefortec.com.br\/wp-content\/uploads\/2022\/10\/recirculadores-315x210.jpeg 315w\" \/>\t\t\t\t\t\t\t\n\t<h4>Circuladores de Atmosfera<\/h4>\n\t\t\t\t\t\t\t<img decoding=\"async\" loading=\"lazy\" src=\"https:\/\/site2022.grefortec.com.br\/wp-content\/uploads\/2022\/10\/cestos-grelhas-300x200-1.jpeg\" alt=\"cestos-grelhas-300x200\" itemprop=\"image\" height=\"200\" width=\"300\" title=\"cestos-grelhas-300x200\" onerror=\"this.style.display='none'\"  sizes=\"auto, (max-width: 768px) 100vw, 100vw\"\/>\t\t\t\t\t\t\t\n\t<h4>Cestos e Grelhas<\/h4>\n\t\t\t\t\t\t\t<img decoding=\"async\" loading=\"lazy\" src=\"https:\/\/site2022.grefortec.com.br\/wp-content\/uploads\/2022\/10\/itens-diversos.jpeg\" alt=\"itens-diversos\" itemprop=\"image\" height=\"600\" width=\"900\" title=\"itens-diversos\" onerror=\"this.style.display='none'\"  sizes=\"auto, (max-width: 768px) 100vw, 100vw\" srcset=\"data:image\/svg+xml;utf8,&lt;svg%20xmlns=&quot;http:\/\/www.w3.org\/2000\/svg&quot;%20viewBox=&quot;0%200%20900%20600&quot;%20height=&quot;600px&quot;%20width=&quot;900px&quot;\/&gt;\" data-srcset=\"https:\/\/site2022.grefortec.com.br\/wp-content\/uploads\/2022\/10\/itens-diversos.jpeg 900w, https:\/\/site2022.grefortec.com.br\/wp-content\/uploads\/2022\/10\/itens-diversos-300x200.jpeg 300w, https:\/\/site2022.grefortec.com.br\/wp-content\/uploads\/2022\/10\/itens-diversos-768x512.jpeg 768w, https:\/\/site2022.grefortec.com.br\/wp-content\/uploads\/2022\/10\/itens-diversos-630x420.jpeg 630w, https:\/\/site2022.grefortec.com.br\/wp-content\/uploads\/2022\/10\/itens-diversos-420x280.jpeg 420w, https:\/\/site2022.grefortec.com.br\/wp-content\/uploads\/2022\/10\/itens-diversos-840x560.jpeg 840w, https:\/\/site2022.grefortec.com.br\/wp-content\/uploads\/2022\/10\/itens-diversos-315x210.jpeg 315w\" \/>\t\t\t\t\t\t\t\n\t<h4>Itens Diversos<\/h4>\n\t<h2><strong>Solicitar Or\u00e7amento<\/strong><\/h2>\n    Aviso: O JavaScript \u00e9 necess\u00e1rio para esse conte\u00fado.\n        <!-- TODO: Move to Template File. -->\n        \n<\/div><!-- .vgblk-rw-wrapper -->","protected":false},"excerpt":{"rendered":"<p>Lavadoras Flexiclean As lavadoras Flexiclean s\u00e3o m\u00e1quinas autom\u00e1ticas para lavagem de pe\u00e7as com tecnologia patenteada pela Aichelin. Ela \u00e9 indicada onde os mais altos n\u00edveis de pureza s\u00e3o necess\u00e1rios e\/ou componentes geometricamente complexos devem ser limpos. Seus componentes essenciais incluem uma c\u00e2mara de limpeza a v\u00e1cuo e tanques isolados para at\u00e9 tr\u00eas agentes de limpeza,&#8230;<\/p>\n","protected":false},"author":1,"featured_media":0,"parent":988143,"menu_order":0,"comment_status":"closed","ping_status":"closed","template":"","meta":{"inline_featured_image":false,"footnotes":""},"class_list":["post-988172","page","type-page","status-publish","hentry"],"jetpack_sharing_enabled":true,"_links":{"self":[{"href":"https:\/\/site2022.grefortec.com.br\/index.php\/wp-json\/wp\/v2\/pages\/988172","targetHints":{"allow":["GET"]}}],"collection":[{"href":"https:\/\/site2022.grefortec.com.br\/index.php\/wp-json\/wp\/v2\/pages"}],"about":[{"href":"https:\/\/site2022.grefortec.com.br\/index.php\/wp-json\/wp\/v2\/types\/page"}],"author":[{"embeddable":true,"href":"https:\/\/site2022.grefortec.com.br\/index.php\/wp-json\/wp\/v2\/users\/1"}],"replies":[{"embeddable":true,"href":"https:\/\/site2022.grefortec.com.br\/index.php\/wp-json\/wp\/v2\/comments?post=988172"}],"version-history":[{"count":6,"href":"https:\/\/site2022.grefortec.com.br\/index.php\/wp-json\/wp\/v2\/pages\/988172\/revisions"}],"predecessor-version":[{"id":988822,"href":"https:\/\/site2022.grefortec.com.br\/index.php\/wp-json\/wp\/v2\/pages\/988172\/revisions\/988822"}],"up":[{"embeddable":true,"href":"https:\/\/site2022.grefortec.com.br\/index.php\/wp-json\/wp\/v2\/pages\/988143"}],"wp:attachment":[{"href":"https:\/\/site2022.grefortec.com.br\/index.php\/wp-json\/wp\/v2\/media?parent=988172"}],"curies":[{"name":"wp","href":"https:\/\/api.w.org\/{rel}","templated":true}]}}