{"id":988011,"date":"2022-10-28T03:22:44","date_gmt":"2022-10-28T03:22:44","guid":{"rendered":"https:\/\/site2022.grefortec.com.br\/?page_id=988011"},"modified":"2023-01-05T20:00:31","modified_gmt":"2023-01-05T20:00:31","slug":"cursos","status":"publish","type":"page","link":"https:\/\/site2022.grefortec.com.br\/index.php\/cursos\/","title":{"rendered":"Cursos"},"content":{"rendered":"<div class=\"vgblk-rw-wrapper limit-wrapper\">\n<h2>\n\tNossos <strong>Cursos\n\t<\/strong><\/h2>\n\t\t\t\t\t\t\t<img decoding=\"async\" loading=\"lazy\" src=\"https:\/\/site2022.grefortec.com.br\/wp-content\/uploads\/2023\/01\/1o-Congresso-de.jpg\" alt=\"1o-Congresso-de\" itemprop=\"image\" height=\"418\" width=\"542\" title=\"1o-Congresso-de\" onerror=\"this.style.display='none'\"  sizes=\"auto, (max-width: 768px) 100vw, 100vw\" srcset=\"data:image\/svg+xml;utf8,&lt;svg%20xmlns=&quot;http:\/\/www.w3.org\/2000\/svg&quot;%20viewBox=&quot;0%200%20542%20418&quot;%20height=&quot;418px&quot;%20width=&quot;542px&quot;\/&gt;\" data-srcset=\"https:\/\/site2022.grefortec.com.br\/wp-content\/uploads\/2023\/01\/1o-Congresso-de.jpg 542w, https:\/\/site2022.grefortec.com.br\/wp-content\/uploads\/2023\/01\/1o-Congresso-de-300x231.jpg 300w, https:\/\/site2022.grefortec.com.br\/wp-content\/uploads\/2023\/01\/1o-Congresso-de-420x323.jpg 420w, https:\/\/site2022.grefortec.com.br\/wp-content\/uploads\/2023\/01\/1o-Congresso-de-315x242.jpg 315w\" \/>\t\t\t\t\t\t\t\n<h2>\n\t1\u00ba congresso de Processos T\u00e9rmicos em Santo Andr\u00e9, SP\n\t<\/h2>\n\t<p>Para aprofundar seus conhecimentos sobre manuten\u00e7\u00e3o industrial, garanta sua vaga no Semin\u00e1rio de Manuten\u00e7\u00e3o e Seguran\u00e7a em Fornos Industriais, que ser\u00e1 realizado no 1\u00ba Congresso de Processos T\u00e9rmicos, em SP! O palestrante ser\u00e1 o nosso Diretor Industrial, Rodrigo Peres.<\/p>\n<p>Para mais informa\u00e7\u00f5es, acesse\u00a0<a href=\"https:\/\/lnkd.in\/dxMkwiXd\">https:\/\/lnkd.in\/dxMkwiXd<\/a>\u00a0ou leia o nosso blog sobre o evento em\u00a0<a href=\"https:\/\/www.grefortec.com.br\/blog\/\">grefortec.com.br\/blog<\/a>.<\/p>\n\t\t\t\t\t\t\t<img decoding=\"async\" loading=\"lazy\" src=\"https:\/\/site2022.grefortec.com.br\/wp-content\/uploads\/2023\/01\/ac\u0327o-e-ferro-fundido.jpg\" alt=\"Sem nome (3650\u00a0\u00d7\u00a02820\u00a0px) - 1\" itemprop=\"image\" height=\"927\" width=\"1200\" title=\"Sem nome (3650\u00a0\u00d7\u00a02820\u00a0px) - 1\" onerror=\"this.style.display='none'\"  sizes=\"auto, (max-width: 768px) 100vw, 100vw\" srcset=\"data:image\/svg+xml;utf8,&lt;svg%20xmlns=&quot;http:\/\/www.w3.org\/2000\/svg&quot;%20viewBox=&quot;0%200%201200%20927&quot;%20height=&quot;927px&quot;%20width=&quot;1200px&quot;\/&gt;\" data-srcset=\"https:\/\/site2022.grefortec.com.br\/wp-content\/uploads\/2023\/01\/ac\u0327o-e-ferro-fundido.jpg 1200w, https:\/\/site2022.grefortec.com.br\/wp-content\/uploads\/2023\/01\/ac\u0327o-e-ferro-fundido-300x232.jpg 300w, https:\/\/site2022.grefortec.com.br\/wp-content\/uploads\/2023\/01\/ac\u0327o-e-ferro-fundido-1024x791.jpg 1024w, https:\/\/site2022.grefortec.com.br\/wp-content\/uploads\/2023\/01\/ac\u0327o-e-ferro-fundido-768x593.jpg 768w, https:\/\/site2022.grefortec.com.br\/wp-content\/uploads\/2023\/01\/ac\u0327o-e-ferro-fundido-630x487.jpg 630w, https:\/\/site2022.grefortec.com.br\/wp-content\/uploads\/2023\/01\/ac\u0327o-e-ferro-fundido-420x323.jpg 420w, https:\/\/site2022.grefortec.com.br\/wp-content\/uploads\/2023\/01\/ac\u0327o-e-ferro-fundido-840x649.jpg 840w, https:\/\/site2022.grefortec.com.br\/wp-content\/uploads\/2023\/01\/ac\u0327o-e-ferro-fundido-315x242.jpg 315w\" \/>\t\t\t\t\t\t\t\n<h2>\n\tTratamento <br \/>T\u00e9rmico <strong>&#8211; A\u00e7o<\/strong>\n\t<\/h2>\n\t<p>O a\u00e7o \u00e9 o metal mais utilizado no mundo, especialmente na ind\u00fastria, onde ele \u00e9 trabalhado para as mais diversas aplica\u00e7\u00f5es. Nosso curso tem como objetivo compartilhar conhecimentos t\u00e9cnicos e experi\u00eancias sobre o tratamento t\u00e9rmico neste metal. Aprenda na pr\u00e1tica com profissionais de renome e experi\u00eancia na ind\u00fastria!<\/p>\n<p>O curso conta com conte\u00fado te\u00f3rico e exerc\u00edcios pr\u00e1ticos, al\u00e9m da apresenta\u00e7\u00e3o de exemplos de casos, ensaios, grandes testes metal\u00fargicos e muita troca de experi\u00eancias! As atividades s\u00e3o voltadas para todos os profissionais ligados \u00e0 metalurgia, desde gestores ao setor operacional.<\/p>\n\t<a href=\"https:\/\/site2022.grefortec.com.br\/?page_id=988021\" target=\"_self\" role=\"button\" rel=\"noopener\">\n\t\t\t\t\tSaiba mais\n\t<\/a>\n\t\t\t\t\t\t\t<img decoding=\"async\" loading=\"lazy\" src=\"https:\/\/site2022.grefortec.com.br\/wp-content\/uploads\/2022\/10\/WhatsApp-Image-2022-06-06-at-15.44.02-2.jpeg\" alt=\"WhatsApp-Image-2022-06-06-at-15.44.02-2\" itemprop=\"image\" height=\"988\" width=\"1280\" title=\"WhatsApp-Image-2022-06-06-at-15.44.02-2\" onerror=\"this.style.display='none'\"  sizes=\"auto, (max-width: 768px) 100vw, 100vw\" srcset=\"data:image\/svg+xml;utf8,&lt;svg%20xmlns=&quot;http:\/\/www.w3.org\/2000\/svg&quot;%20viewBox=&quot;0%200%201280%20988&quot;%20height=&quot;988px&quot;%20width=&quot;1280px&quot;\/&gt;\" data-srcset=\"https:\/\/site2022.grefortec.com.br\/wp-content\/uploads\/2022\/10\/WhatsApp-Image-2022-06-06-at-15.44.02-2.jpeg 1280w, https:\/\/site2022.grefortec.com.br\/wp-content\/uploads\/2022\/10\/WhatsApp-Image-2022-06-06-at-15.44.02-2-300x232.jpeg 300w, https:\/\/site2022.grefortec.com.br\/wp-content\/uploads\/2022\/10\/WhatsApp-Image-2022-06-06-at-15.44.02-2-1024x790.jpeg 1024w, https:\/\/site2022.grefortec.com.br\/wp-content\/uploads\/2022\/10\/WhatsApp-Image-2022-06-06-at-15.44.02-2-768x593.jpeg 768w, https:\/\/site2022.grefortec.com.br\/wp-content\/uploads\/2022\/10\/WhatsApp-Image-2022-06-06-at-15.44.02-2-1260x973.jpeg 1260w, https:\/\/site2022.grefortec.com.br\/wp-content\/uploads\/2022\/10\/WhatsApp-Image-2022-06-06-at-15.44.02-2-630x486.jpeg 630w, https:\/\/site2022.grefortec.com.br\/wp-content\/uploads\/2022\/10\/WhatsApp-Image-2022-06-06-at-15.44.02-2-420x323.jpeg 420w, https:\/\/site2022.grefortec.com.br\/wp-content\/uploads\/2022\/10\/WhatsApp-Image-2022-06-06-at-15.44.02-2-840x648.jpeg 840w, https:\/\/site2022.grefortec.com.br\/wp-content\/uploads\/2022\/10\/WhatsApp-Image-2022-06-06-at-15.44.02-2-315x242.jpeg 315w\" \/>\t\t\t\t\t\t\t\n<h2>\n\tTratamento <br \/>T\u00e9rmico <strong>&#8211; Alum\u00ednio<\/strong>\n\t<\/h2>\n\t<p>Aprenda sobre o Tratamento T\u00e9rmico no elemento met\u00e1lico mais abundante da Terra, com aulas ministradas por profissionais de renome e experi\u00eancia na ind\u00fastria. Nosso curso tem como objetivo compartilhar conhecimentos t\u00e9cnicos e experi\u00eancias sobre o tratamento t\u00e9rmico no alum\u00ednio.<\/p>\n<p>O curso conta com conte\u00fado te\u00f3rico e exerc\u00edcios pr\u00e1ticos, al\u00e9m da apresenta\u00e7\u00e3o de exemplos de casos, ensaios, grandes testes metal\u00fargicos e muita troca de experi\u00eancias! As atividades s\u00e3o voltadas para todos os profissionais ligados \u00e0 metalurgia, desde gestores ao setor operacional.<\/p>\n\t<a href=\"https:\/\/site2022.grefortec.com.br\/?page_id=988056\" target=\"_self\" role=\"button\" rel=\"noopener\">\n\t\t\t\t\tSaiba mais\n\t<\/a>\n<h2>\n\tDepoimentos de quem j\u00e1 fez <strong>Nossos Curso<\/strong>\n\t<\/h2>\n\n<\/div><!-- .vgblk-rw-wrapper -->","protected":false},"excerpt":{"rendered":"<p>Nossos Cursos 1\u00ba congresso de Processos T\u00e9rmicos em Santo Andr\u00e9, SP Para aprofundar seus conhecimentos sobre manuten\u00e7\u00e3o industrial, garanta sua vaga no Semin\u00e1rio de Manuten\u00e7\u00e3o e Seguran\u00e7a em Fornos Industriais, que ser\u00e1 realizado no 1\u00ba Congresso de Processos T\u00e9rmicos, em SP! O palestrante ser\u00e1 o nosso Diretor Industrial, Rodrigo Peres. Para mais informa\u00e7\u00f5es, acesse\u00a0https:\/\/lnkd.in\/dxMkwiXd\u00a0ou leia&#8230;<\/p>\n","protected":false},"author":1,"featured_media":0,"parent":0,"menu_order":0,"comment_status":"closed","ping_status":"closed","template":"","meta":{"inline_featured_image":false,"footnotes":""},"class_list":["post-988011","page","type-page","status-publish","hentry"],"jetpack_sharing_enabled":true,"_links":{"self":[{"href":"https:\/\/site2022.grefortec.com.br\/index.php\/wp-json\/wp\/v2\/pages\/988011","targetHints":{"allow":["GET"]}}],"collection":[{"href":"https:\/\/site2022.grefortec.com.br\/index.php\/wp-json\/wp\/v2\/pages"}],"about":[{"href":"https:\/\/site2022.grefortec.com.br\/index.php\/wp-json\/wp\/v2\/types\/page"}],"author":[{"embeddable":true,"href":"https:\/\/site2022.grefortec.com.br\/index.php\/wp-json\/wp\/v2\/users\/1"}],"replies":[{"embeddable":true,"href":"https:\/\/site2022.grefortec.com.br\/index.php\/wp-json\/wp\/v2\/comments?post=988011"}],"version-history":[{"count":21,"href":"https:\/\/site2022.grefortec.com.br\/index.php\/wp-json\/wp\/v2\/pages\/988011\/revisions"}],"predecessor-version":[{"id":988765,"href":"https:\/\/site2022.grefortec.com.br\/index.php\/wp-json\/wp\/v2\/pages\/988011\/revisions\/988765"}],"wp:attachment":[{"href":"https:\/\/site2022.grefortec.com.br\/index.php\/wp-json\/wp\/v2\/media?parent=988011"}],"curies":[{"name":"wp","href":"https:\/\/api.w.org\/{rel}","templated":true}]}}