{"id":987682,"date":"2022-09-16T17:54:32","date_gmt":"2022-09-16T17:54:32","guid":{"rendered":"https:\/\/site2022.grefortec.com.br\/?page_id=987682"},"modified":"2022-12-31T15:11:09","modified_gmt":"2022-12-31T15:11:09","slug":"contato","status":"publish","type":"page","link":"https:\/\/site2022.grefortec.com.br\/index.php\/contato\/","title":{"rendered":"Contato"},"content":{"rendered":"<div class=\"vgblk-rw-wrapper limit-wrapper\">\n\n\t\t<iframe src=\"https:\/\/maps.google.com\/maps?q=R.+Estrada+Est%C3%A2ncia+Velha%2C+1134&#038;iwloc=near&#038;output=embed\" height=\"400\" frameborder=\"0\" loading=\"lazy\"><\/iframe>\n\t<h2><strong>Equipamentos<\/strong><\/h2>\n<h4>\n\t51 99388.5067\n\t<\/h4>\n<h4>\n\tHor\u00e1rio de atendimento:\n\t<\/h4>\n\t<p>Seg &#8211; Qui: 7:30 &#8211; 17:30 | Sex: 7h30 &#8211; 16h30<\/p>\n<h4>\n\tR. Estrada Est\u00e2ncia Velha, 1134<br \/>Port\u00e3o Velho &#8211; Port\u00e3o\/RS\n\t<\/h4>\n    Aviso: O JavaScript \u00e9 necess\u00e1rio para esse conte\u00fado.\n        <!-- TODO: Move to Template File. -->\n\t\t<iframe src=\"https:\/\/maps.google.com\/maps?q=Rua+Thomaz+Edison.+627+S%C3%A3o+Jo%C3%A3o+Batista+S%C3%A3o&#038;iwloc=near&#038;output=embed\" height=\"400\" frameborder=\"0\" loading=\"lazy\"><\/iframe>\n\t<h2><strong>Tratamento T\u00e9rmico<\/strong><\/h2>\n<h4>\n\t51 99354.3457\n\t<\/h4>\n<h4>\n\tHor\u00e1rio de atendimento:\n\t<\/h4>\n\t<p>Seg &#8211; Qui: 7:30 &#8211; 17:30 | Sex: 7h30 &#8211; 16h30<\/p>\n<h4>\n\tRua Thomaz Edison, 627<br \/>Bairro S\u00e3o Jo\u00e3o Batista<br \/>S\u00e3o Leopoldo\/RS\n\t<\/h4>\n    Aviso: O JavaScript \u00e9 necess\u00e1rio para esse conte\u00fado.\n        <!-- TODO: Move to Template File. -->\n\t\t<iframe src=\"https:\/\/maps.google.com\/maps?q=R.+Antonio+Packer%2C+289+Jardim+Eldorado+-+Indaiatuba%2FSP&#038;iwloc=near&#038;output=embed\" height=\"400\" frameborder=\"0\" loading=\"lazy\"><\/iframe>\n\t<h2><strong>S\u00e3o Paulo<\/strong><\/h2>\n<h4>\n\t19 99811.2173\n\t<\/h4>\n<h4>\n\tHor\u00e1rio de atendimento:\n\t<\/h4>\n\t<p>Seg &#8211; Qui: 7:30 &#8211; 17:30 | Sex: 7h30 &#8211; 16h30<\/p>\n<h4>\n\tR. Antonio Packer, 289<br \/>Jardim Eldorado<br \/>Indaiatuba\/SP\n\t<\/h4>\n    Aviso: O JavaScript \u00e9 necess\u00e1rio para esse conte\u00fado.\n        <!-- TODO: Move to Template File. -->\n        \n<\/div><!-- .vgblk-rw-wrapper -->","protected":false},"excerpt":{"rendered":"<p>Equipamentos 51 99388.5067 Hor\u00e1rio de atendimento: Seg &#8211; Qui: 7:30 &#8211; 17:30 | Sex: 7h30 &#8211; 16h30 R. Estrada Est\u00e2ncia Velha, 1134Port\u00e3o Velho &#8211; Port\u00e3o\/RS Aviso: O JavaScript \u00e9 necess\u00e1rio para esse conte\u00fado. Tratamento T\u00e9rmico 51 99354.3457 Hor\u00e1rio de atendimento: Seg &#8211; Qui: 7:30 &#8211; 17:30 | Sex: 7h30 &#8211; 16h30 Rua Thomaz Edison, 627Bairro&#8230;<\/p>\n","protected":false},"author":1,"featured_media":0,"parent":0,"menu_order":0,"comment_status":"closed","ping_status":"closed","template":"","meta":{"inline_featured_image":false,"footnotes":""},"class_list":["post-987682","page","type-page","status-publish","hentry"],"jetpack_sharing_enabled":true,"_links":{"self":[{"href":"https:\/\/site2022.grefortec.com.br\/index.php\/wp-json\/wp\/v2\/pages\/987682","targetHints":{"allow":["GET"]}}],"collection":[{"href":"https:\/\/site2022.grefortec.com.br\/index.php\/wp-json\/wp\/v2\/pages"}],"about":[{"href":"https:\/\/site2022.grefortec.com.br\/index.php\/wp-json\/wp\/v2\/types\/page"}],"author":[{"embeddable":true,"href":"https:\/\/site2022.grefortec.com.br\/index.php\/wp-json\/wp\/v2\/users\/1"}],"replies":[{"embeddable":true,"href":"https:\/\/site2022.grefortec.com.br\/index.php\/wp-json\/wp\/v2\/comments?post=987682"}],"version-history":[{"count":17,"href":"https:\/\/site2022.grefortec.com.br\/index.php\/wp-json\/wp\/v2\/pages\/987682\/revisions"}],"predecessor-version":[{"id":988630,"href":"https:\/\/site2022.grefortec.com.br\/index.php\/wp-json\/wp\/v2\/pages\/987682\/revisions\/988630"}],"wp:attachment":[{"href":"https:\/\/site2022.grefortec.com.br\/index.php\/wp-json\/wp\/v2\/media?parent=987682"}],"curies":[{"name":"wp","href":"https:\/\/api.w.org\/{rel}","templated":true}]}}