{"id":13345,"date":"2017-07-31T12:54:58","date_gmt":"2017-07-31T12:54:58","guid":{"rendered":"https:\/\/nex.vamtam.com\/?page_id=13345"},"modified":"2023-01-05T19:56:10","modified_gmt":"2023-01-05T19:56:10","slug":"nossa-historia","status":"publish","type":"page","link":"https:\/\/site2022.grefortec.com.br\/index.php\/nossa-historia\/","title":{"rendered":"Nossa Hist\u00f3ria"},"content":{"rendered":"<div class=\"vgblk-rw-wrapper limit-wrapper\">\n<h3>\n\tComo Tudo Come\u00e7ou\n\t<\/h3>\n\t<p>A GREFORTEC foi fundada por Antonio Gremes Pereira, nosso diretor-presidente. Nascido em S\u00e3o Paulo e formado em Engenharia El\u00e9trica pela Universidade Mackenzie, em 1989 Antonio mudou-se com a fam\u00edlia para S\u00e3o Leopoldo\/RS, munic\u00edpio industrial da Regi\u00e3o Metropolitana de Porto Alegre. Na \u00e9poca ele era funcion\u00e1rio de uma empresa paulista fabricante de fornos para tratamento t\u00e9rmico. Quando esta empresa fechou sua filial no Rio Grande do Sul, Antonio resolveu permanecer no Estado e criar seu pr\u00f3prio neg\u00f3cio, ao perceber que a regi\u00e3o era carente do segmento.<\/p>\n<h3>\n\t1991\n\t<\/h3>\n\t<p>No dia 19 de junho de 1991 foi fundada a ABC Fornos Industriais, que durante um ano funcionou na garagem da casa da fam\u00edlia Gremes Pereira. A empresa iniciou trabalhando com manuten\u00e7\u00e3o de fornos industriais e venda de pe\u00e7as de reposi\u00e7\u00e3o.<\/p>\n<h3>\n\t1992\n\t<\/h3>\n\t<p>No ano seguinte, a ABC se transformou na GREFORTEC. O nome \u00e9 formado pela jun\u00e7\u00e3o das iniciais de Gremes, Fornos e Tecnologia, resultando na raz\u00e3o social.<\/p>\n<h3>\n\t1994\n\t<\/h3>\n\t<p>Em 1994 a GREFORTEC se destaca no mercado ao fabricar o maior forno de tratamento t\u00e9rmico da Am\u00e9rica Latina em Canoas\/RS.<\/p>\n<h3>\n\t1999\n\t<\/h3>\n\t<p>Cinco anos depois ocorreu a Implanta\u00e7\u00e3o da \u00e1rea de Tratamento T\u00e9rmico de metais na sede de S\u00e3o Leopoldo\/RS. A ideia surgiu quando o fundador da GREFORTEC percebeu que muitos clientes tinham certa dificuldade em adquirir seus pr\u00f3prios fornos e, em alguns casos, tamb\u00e9m n\u00e3o dispunham de espa\u00e7o f\u00edsico para a instala\u00e7\u00e3o destes equipamentos. Pensando em suprir esta necessidade do mercado, e com esp\u00edrito empreendedor, Antonio deu mais este grande passo para a trajet\u00f3ria da empresa.<\/p>\n<h3>\n\t2002\n\t<\/h3>\n\t<p>A partir da implanta\u00e7\u00e3o de um rigoroso sistema de gest\u00e3o de qualidade, a GREFORTEC recebeu a certifica\u00e7\u00e3o ISO 9001:2015 no Tratamento T\u00e9rmico de Pe\u00e7as Met\u00e1licas.<\/p>\n<h3>\n\t2012\n\t<\/h3>\n\t<p>Iniciamos a planta de Port\u00e3o\/RS. Hoje em pleno funcionamento, a empresa segue as normas NRs, buscando sempre a excel\u00eancia dos produtos e servi\u00e7os prestados a seus clientes.<\/p>\n<h3>\n\t2015\n\t<\/h3>\n\t<p>Em 2015 a GREFORTEC conquistou uma licen\u00e7a exclusiva para ser fabricante oficial de fornos industriais da <a href=\"https:\/\/www.aichelin.com\/en\" target=\"_blank\" rel=\"noopener\">Aichelin Group<\/a> em toda a Am\u00e9rica do Sul. L\u00edder mundial em equipamentos e servi\u00e7os para tratamentos t\u00e9rmicos e termoqu\u00edmicos industriais, a multinacional austr\u00edaca tamb\u00e9m estabeleceu a transfer\u00eancia de tecnologia da <a href=\"https:\/\/www.aichelin.com\/en\" target=\"_blank\" rel=\"noopener\">Aichelin<\/a> para a GREFORTEC. Essa parceria contribuiu para elevar o patamar da empresa, que passou a ser reconhecida internacionalmente.<\/p>\n<h3>\n\t2017\n\t<\/h3>\n\t<p>Em 2017 todos os processos da GREFORTEC receberam a certifica\u00e7\u00e3o ISO 9001:2015, comprovando a qualidade e excel\u00eancia que sempre buscamos oferecer em nossos servi\u00e7os.<\/p>\n<h3>\n\t2021\n\t<\/h3>\n\t<p>A fam\u00edlia Grefortec completou 30 anos de muito sucesso, tendo duas unidades no RS, S\u00e3o Leopoldo e Port\u00e3o e uma em SP, em Indaiatuba.<\/p>\n<h3>\n\t2022\n\t<\/h3>\n\t<p>Pensando em onde gostar\u00edamos de estar nos pr\u00f3ximos 30 anos, criamos o Avan\u00e7a Grefortec. Esse projeto faz parte do planejamento estrat\u00e9gico da empresa e conta com diversas a\u00e7\u00f5es que tem o objetivo de desenvolver os setores e equipes de nossas f\u00e1bricas, rumo ao futuro que desejamos. Ser\u00e3o realizados: treinamentos, pesquisa de clima, a\u00e7\u00f5es motivacionais, mapeamento de processos, procedimentos e outros.<\/p>\n\t<h2><strong>Time GREFORTEC<\/strong><\/h2>\n<p>Por tr\u00e1s de um grande sucesso, sempre h\u00e1 uma grande equipe. Todos os avan\u00e7os que a GREFORTEC alcan\u00e7ou nos \u00faltimos 30 anos foram conquistas coletivas, sempre contando com o apoio de todos os nossos colaboradores. Somos apaixonados por tratamento t\u00e9rmico e lutamos pelos mesmos objetivos! Somos a fam\u00edlia GREFORTEC!<\/p>\n\n\t\t \t<div class=\"item\">            \n\t      <div class=\"clearfix\" >\n\n\t        <ul id=\"gwts-gwl-img-gallery988320\" class=\"gwts-gwl-slidergal list-unstyled cS-hidden\" data-litebx=\"false\">\n\t\t\t\t    \n\t\t\t\t\t \t\t<li data-thumb=\"https:\/\/site2022.grefortec.com.br\/wp-content\/uploads\/2022\/11\/8_8_11zon-150x150.jpg\" data-responsive=\"https:\/\/site2022.grefortec.com.br\/wp-content\/uploads\/2022\/11\/8_8_11zon-150x150.jpg\" data-src=\"https:\/\/site2022.grefortec.com.br\/wp-content\/uploads\/2022\/11\/8_8_11zon.jpg\" class=\"\"> \n              \t<img decoding=\"async\" src=\"https:\/\/site2022.grefortec.com.br\/wp-content\/uploads\/2022\/11\/8_8_11zon.jpg\" alt=\"\"\/>\n              \t\t              <\/li>\n\t\t\t\t\t \t\n\t\t\t\t\t \t\t<li data-thumb=\"https:\/\/site2022.grefortec.com.br\/wp-content\/uploads\/2022\/11\/6_6_11zon-150x150.jpg\" data-responsive=\"https:\/\/site2022.grefortec.com.br\/wp-content\/uploads\/2022\/11\/6_6_11zon-150x150.jpg\" data-src=\"https:\/\/site2022.grefortec.com.br\/wp-content\/uploads\/2022\/11\/6_6_11zon.jpg\" class=\"\"> \n              \t<img decoding=\"async\" src=\"https:\/\/site2022.grefortec.com.br\/wp-content\/uploads\/2022\/11\/6_6_11zon.jpg\" alt=\"\"\/>\n              \t\t              <\/li>\n\t\t\t\t\t \t\n\t\t\t\t\t \t\t<li data-thumb=\"https:\/\/site2022.grefortec.com.br\/wp-content\/uploads\/2022\/11\/1_1_11zon-150x150.jpg\" data-responsive=\"https:\/\/site2022.grefortec.com.br\/wp-content\/uploads\/2022\/11\/1_1_11zon-150x150.jpg\" data-src=\"https:\/\/site2022.grefortec.com.br\/wp-content\/uploads\/2022\/11\/1_1_11zon.jpg\" class=\"\"> \n              \t<img decoding=\"async\" src=\"https:\/\/site2022.grefortec.com.br\/wp-content\/uploads\/2022\/11\/1_1_11zon.jpg\" alt=\"\"\/>\n              \t\t              <\/li>\n\t\t\t\t\t \t\n\t\t\t\t\t \t\t<li data-thumb=\"https:\/\/site2022.grefortec.com.br\/wp-content\/uploads\/2022\/11\/2_2_11zon-150x150.jpg\" data-responsive=\"https:\/\/site2022.grefortec.com.br\/wp-content\/uploads\/2022\/11\/2_2_11zon-150x150.jpg\" data-src=\"https:\/\/site2022.grefortec.com.br\/wp-content\/uploads\/2022\/11\/2_2_11zon.jpg\" class=\"\"> \n              \t<img decoding=\"async\" src=\"https:\/\/site2022.grefortec.com.br\/wp-content\/uploads\/2022\/11\/2_2_11zon.jpg\" alt=\"\"\/>\n              \t\t              <\/li>\n\t\t\t\t\t \t\n\t\t\t\t\t \t\t<li data-thumb=\"https:\/\/site2022.grefortec.com.br\/wp-content\/uploads\/2022\/11\/3_3_11zon-150x150.jpg\" data-responsive=\"https:\/\/site2022.grefortec.com.br\/wp-content\/uploads\/2022\/11\/3_3_11zon-150x150.jpg\" data-src=\"https:\/\/site2022.grefortec.com.br\/wp-content\/uploads\/2022\/11\/3_3_11zon.jpg\" class=\"\"> \n              \t<img decoding=\"async\" src=\"https:\/\/site2022.grefortec.com.br\/wp-content\/uploads\/2022\/11\/3_3_11zon.jpg\" alt=\"\"\/>\n              \t\t              <\/li>\n\t\t\t\t\t \t\n\t\t\t\t\t \t\t<li data-thumb=\"https:\/\/site2022.grefortec.com.br\/wp-content\/uploads\/2022\/11\/4_4_11zon-150x150.jpg\" data-responsive=\"https:\/\/site2022.grefortec.com.br\/wp-content\/uploads\/2022\/11\/4_4_11zon-150x150.jpg\" data-src=\"https:\/\/site2022.grefortec.com.br\/wp-content\/uploads\/2022\/11\/4_4_11zon.jpg\" class=\"\"> \n              \t<img decoding=\"async\" src=\"https:\/\/site2022.grefortec.com.br\/wp-content\/uploads\/2022\/11\/4_4_11zon.jpg\" alt=\"\"\/>\n              \t\t              <\/li>\n\t\t\t\t\t \t\n\t\t\t\t\t \t\t<li data-thumb=\"https:\/\/site2022.grefortec.com.br\/wp-content\/uploads\/2022\/11\/5_5_11zon-150x150.jpg\" data-responsive=\"https:\/\/site2022.grefortec.com.br\/wp-content\/uploads\/2022\/11\/5_5_11zon-150x150.jpg\" data-src=\"https:\/\/site2022.grefortec.com.br\/wp-content\/uploads\/2022\/11\/5_5_11zon.jpg\" class=\"\"> \n              \t<img decoding=\"async\" src=\"https:\/\/site2022.grefortec.com.br\/wp-content\/uploads\/2022\/11\/5_5_11zon.jpg\" alt=\"\"\/>\n              \t\t              <\/li>\n\t\t\t\t\t \t\n\t\t\t\t\t \t\t<li data-thumb=\"https:\/\/site2022.grefortec.com.br\/wp-content\/uploads\/2022\/11\/7_7_11zon-150x150.jpg\" data-responsive=\"https:\/\/site2022.grefortec.com.br\/wp-content\/uploads\/2022\/11\/7_7_11zon-150x150.jpg\" data-src=\"https:\/\/site2022.grefortec.com.br\/wp-content\/uploads\/2022\/11\/7_7_11zon.jpg\" class=\"\"> \n              \t<img decoding=\"async\" src=\"https:\/\/site2022.grefortec.com.br\/wp-content\/uploads\/2022\/11\/7_7_11zon.jpg\" alt=\"\"\/>\n              \t\t              <\/li>\n\t\t\t\t\t \t\n\t\t\t\t\t \t\t<li data-thumb=\"https:\/\/site2022.grefortec.com.br\/wp-content\/uploads\/2022\/11\/10_9_11zon-150x150.jpg\" data-responsive=\"https:\/\/site2022.grefortec.com.br\/wp-content\/uploads\/2022\/11\/10_9_11zon-150x150.jpg\" data-src=\"https:\/\/site2022.grefortec.com.br\/wp-content\/uploads\/2022\/11\/10_9_11zon.jpg\" class=\"\"> \n              \t<img decoding=\"async\" src=\"https:\/\/site2022.grefortec.com.br\/wp-content\/uploads\/2022\/11\/10_9_11zon.jpg\" alt=\"\"\/>\n              \t\t              <\/li>\n\t\t\t\t\t \t\n\t\t\t\t\t \t\t<li data-thumb=\"https:\/\/site2022.grefortec.com.br\/wp-content\/uploads\/2022\/11\/11_10_11zon-150x150.jpg\" data-responsive=\"https:\/\/site2022.grefortec.com.br\/wp-content\/uploads\/2022\/11\/11_10_11zon-150x150.jpg\" data-src=\"https:\/\/site2022.grefortec.com.br\/wp-content\/uploads\/2022\/11\/11_10_11zon.jpg\" class=\"\"> \n              \t<img decoding=\"async\" src=\"https:\/\/site2022.grefortec.com.br\/wp-content\/uploads\/2022\/11\/11_10_11zon.jpg\" alt=\"\"\/>\n              \t\t              <\/li>\n\t\t\t\t\t \t\n\t\t\t\t\t \t\t<li data-thumb=\"https:\/\/site2022.grefortec.com.br\/wp-content\/uploads\/2022\/11\/time-grefotec1_11zon-150x150.jpg\" data-responsive=\"https:\/\/site2022.grefortec.com.br\/wp-content\/uploads\/2022\/11\/time-grefotec1_11zon-150x150.jpg\" data-src=\"https:\/\/site2022.grefortec.com.br\/wp-content\/uploads\/2022\/11\/time-grefotec1_11zon.jpg\" class=\"\"> \n              \t<img decoding=\"async\" src=\"https:\/\/site2022.grefortec.com.br\/wp-content\/uploads\/2022\/11\/time-grefotec1_11zon.jpg\" alt=\"\"\/>\n              \t\t              <\/li>\n\t\t\t\t\t \t\n\t\t\t\t\t \t\t<li data-thumb=\"https:\/\/site2022.grefortec.com.br\/wp-content\/uploads\/2022\/11\/time-grefotec2_11zon-150x150.jpg\" data-responsive=\"https:\/\/site2022.grefortec.com.br\/wp-content\/uploads\/2022\/11\/time-grefotec2_11zon-150x150.jpg\" data-src=\"https:\/\/site2022.grefortec.com.br\/wp-content\/uploads\/2022\/11\/time-grefotec2_11zon.jpg\" class=\"\"> \n              \t<img decoding=\"async\" src=\"https:\/\/site2022.grefortec.com.br\/wp-content\/uploads\/2022\/11\/time-grefotec2_11zon.jpg\" alt=\"\"\/>\n              \t\t              <\/li>\n\t\t\t\t\t \t\n\t\t\t\t\t \t\t<li data-thumb=\"https:\/\/site2022.grefortec.com.br\/wp-content\/uploads\/2023\/01\/time-grefotec3_11zon_11zon-150x150.jpg\" data-responsive=\"https:\/\/site2022.grefortec.com.br\/wp-content\/uploads\/2023\/01\/time-grefotec3_11zon_11zon-150x150.jpg\" data-src=\"https:\/\/site2022.grefortec.com.br\/wp-content\/uploads\/2023\/01\/time-grefotec3_11zon_11zon.jpg\" class=\"\"> \n              \t<img decoding=\"async\" src=\"https:\/\/site2022.grefortec.com.br\/wp-content\/uploads\/2023\/01\/time-grefotec3_11zon_11zon.jpg\" alt=\"\"\/>\n              \t\t              <\/li>\n\t\t\t\t\t \t\t\t\t\t\t<\/ul>\n\t\t\t\t<\/div>\n\t\t\t<\/div>\n\t\t\t<style type=\"text\/css\">\n\t\t\t\t.lSSlideOuter .lSSlideWrapper ul li img{\n\t\t\t\t  width: 100%;\n\t\t\t\t}\n\t\t\t<\/style>\n\n\t\t\t\t\t\t\t<style>\n\t\t\t\t\t.lSSlideOuter .lSPager.lSGallery {\n\t\t\t\t\t\tmargin-left: auto;\n\t\t\t\t\t\tmargin-right: auto;\n\t\t\t\t\t}\n\t\t\t\t<\/style>\n\t\t\t\t\t\t\t\t<script>\n\t\t    \tjQuery(document).ready(function() {\n\t\t        jQuery('#gwts-gwl-img-gallery988320').lightSlider({\n              item:1,\t\t                \n              slideMargin:10,\n              addClass:'',\n              speed:500,\n              pause:2000,\n              auto:false,\n              loop:false,\n              pager:true,\n              gallery:true,\n              thumbItem:9,\n\t    \t\t\t\tcontrols:true,\n\t    \t\t\t\t\t    \t\t\t\tresponsive : [\n\t\t            {\n\t                breakpoint:800,\n\t                settings: {\n                    item:1,\n                    slideMove:1,\n                  }\n\t\t            },\n\t\t            {\n\t                breakpoint:641,\n\t                settings: {\n                    item:1,\n                    slideMove:1,\n                  }\n\t\t            },\n\t\t            {\n\t                breakpoint:480,\n\t                settings: {\n                    item:1,\n                    slideMove:1,\n                  }\n\t\t            },\t\t\t\t\t\t           \n\t\t\t\t\t\t  ],\n\t    \t\t\t\t\tuseCSS: true,\n\t        \t\t\tcssEasing: 'ease',\n\t        \t\t\teasing: 'linear',\n\t        \t\t\tkeyPress: false,\n\t        \t\t\tslideEndAnimation: true,\n\t        \t\t\tswipeThreshold: 40,        \t\t\t\n\t\t              onSliderLoad: function(el) {\n                    jQuery('#gwts-gwl-img-gallery988320').removeClass('cS-hidden');\n                    jQuery('#gwts-gwl-img-gallery988320').addClass('gwts-loaded');\n\t\t\t\t\t\t\t\n\t\t\t\t\t\t\t\t\t\tvar lithbox = jQuery('#gwts-gwl-img-gallery988320').attr(\"data-litebx\");\n\t\t\t\t\t\t\t\t\t\tif(lithbox=='true'){\n\t\t\t\t\t\t\t\t\t\t\tel.lightGallery({\n\t\t\t\t\t               selector: '#gwts-gwl-img-gallery988320 .lslide'\n\t\t\t\t\t            });\n\t\t\t\t\t\t\t\t\t\t}\t\n\t\t              }  \n\t\t\t        });\n\t\t\t\t\t});\n\t\t    \t\t\t\t<\/script>\n\t\t \n\t<h2><strong>Quer trabalhar conosco?<\/strong><\/h2>\n    Aviso: O JavaScript \u00e9 necess\u00e1rio para esse conte\u00fado.\n        <!-- TODO: Move to Template File. -->\n        \n<\/div><!-- .vgblk-rw-wrapper -->","protected":false},"excerpt":{"rendered":"<p>Como Tudo Come\u00e7ou A GREFORTEC foi fundada por Antonio Gremes Pereira, nosso diretor-presidente. Nascido em S\u00e3o Paulo e formado em Engenharia El\u00e9trica pela Universidade Mackenzie, em 1989 Antonio mudou-se com a fam\u00edlia para S\u00e3o Leopoldo\/RS, munic\u00edpio industrial da Regi\u00e3o Metropolitana de Porto Alegre. Na \u00e9poca ele era funcion\u00e1rio de uma empresa paulista fabricante de fornos&#8230;<\/p>\n","protected":false},"author":1,"featured_media":0,"parent":0,"menu_order":0,"comment_status":"closed","ping_status":"closed","template":"","meta":{"inline_featured_image":false,"footnotes":""},"class_list":["post-13345","page","type-page","status-publish","hentry"],"jetpack_sharing_enabled":true,"_links":{"self":[{"href":"https:\/\/site2022.grefortec.com.br\/index.php\/wp-json\/wp\/v2\/pages\/13345","targetHints":{"allow":["GET"]}}],"collection":[{"href":"https:\/\/site2022.grefortec.com.br\/index.php\/wp-json\/wp\/v2\/pages"}],"about":[{"href":"https:\/\/site2022.grefortec.com.br\/index.php\/wp-json\/wp\/v2\/types\/page"}],"author":[{"embeddable":true,"href":"https:\/\/site2022.grefortec.com.br\/index.php\/wp-json\/wp\/v2\/users\/1"}],"replies":[{"embeddable":true,"href":"https:\/\/site2022.grefortec.com.br\/index.php\/wp-json\/wp\/v2\/comments?post=13345"}],"version-history":[{"count":32,"href":"https:\/\/site2022.grefortec.com.br\/index.php\/wp-json\/wp\/v2\/pages\/13345\/revisions"}],"predecessor-version":[{"id":988761,"href":"https:\/\/site2022.grefortec.com.br\/index.php\/wp-json\/wp\/v2\/pages\/13345\/revisions\/988761"}],"wp:attachment":[{"href":"https:\/\/site2022.grefortec.com.br\/index.php\/wp-json\/wp\/v2\/media?parent=13345"}],"curies":[{"name":"wp","href":"https:\/\/api.w.org\/{rel}","templated":true}]}}