{"id":13334,"date":"2017-07-31T12:46:27","date_gmt":"2017-07-31T12:46:27","guid":{"rendered":"https:\/\/nex.vamtam.com\/?page_id=13334"},"modified":"2023-01-05T01:23:36","modified_gmt":"2023-01-05T01:23:36","slug":"equipamentos-industriais","status":"publish","type":"page","link":"https:\/\/site2022.grefortec.com.br\/index.php\/equipamentos-industriais\/","title":{"rendered":"Equipamentos Industriais"},"content":{"rendered":"<div class=\"vgblk-rw-wrapper limit-wrapper\">\n<h2>\n\t<strong>Servi\u00e7os <\/strong>principais\n\t<\/h2>\n\t\t\t\t\t\t\t<img decoding=\"async\" loading=\"lazy\" src=\"https:\/\/site2022.grefortec.com.br\/wp-content\/uploads\/2022\/10\/fornos-cinza.png\" alt=\"fornos-cinza\" itemprop=\"image\" height=\"100\" width=\"100\" title=\"fornos-cinza\" onerror=\"this.style.display='none'\"  sizes=\"auto, (max-width: 768px) 100vw, 100vw\"\/>\t\t\t\t\t\t\t\n<h3>\n\t\t\t<a href=\"\/industries-served\/automotive-manifacturing\/\" title=\"Fornos\" target=\"_self\" rel=\"noopener\">\n\tFornos\n\t\t\t<\/a>\n\t<\/h3>\n\t<p>Fornos para tratamento t\u00e9rmico de metais, fus\u00e3o, manuten\u00e7\u00e3o, espera e transporte de n\u00e3o ferrosos, forjaria e processos espec\u00edficos.<\/p>\n<ul>\n<li>Tratamento t\u00e9rmico <\/li>\n<li>Fus\u00e3o de n\u00e3o ferrosos e conforma\u00e7\u00e3o <\/li>\n<li>Fornos especiais <\/li>\n<li>Forno Mufla <\/li>\n<li>Aichelin <\/li>\n<\/ul>\n\t<a href=\"https:\/\/site2022.grefortec.com.br\/?page_id=988116\" target=\"_self\" role=\"button\" rel=\"noopener\">\n\t\t\t\t\tSaiba mais\n\t<\/a>\n\t\t\t\t\t\t\t<img decoding=\"async\" loading=\"lazy\" src=\"https:\/\/site2022.grefortec.com.br\/wp-content\/uploads\/2022\/10\/lavadora-cinza.png\" alt=\"lavadora-cinza\" itemprop=\"image\" height=\"100\" width=\"100\" title=\"lavadora-cinza\" onerror=\"this.style.display='none'\"  sizes=\"auto, (max-width: 768px) 100vw, 100vw\"\/>\t\t\t\t\t\t\t\n<h3>\n\t\t\t<a href=\"\/industries-served\/mechanical-engineering\/\" title=\"Lavadoras\" target=\"_self\" rel=\"noopener\">\n\tLavadoras\n\t\t\t<\/a>\n\t<\/h3>\n\t<p>Lavadoras para processos unit\u00e1rios, batelada, produ\u00e7\u00e3o cont\u00ednua e lavagem de pe\u00e7as \u00e0 v\u00e1cuo, com cria\u00e7\u00e3o de projeto personalizado para a necessidade de cada cliente.<\/p>\n<ul>\n<li> Estacion\u00e1rias<\/li>\n<li> Cont\u00ednuas <\/li>\n<li> Flexiclean\u00ae <\/li>\n<li> Linha Standard <\/li>\n<\/ul>\n\t<a href=\"https:\/\/site2022.grefortec.com.br\/?page_id=988143\" target=\"_self\" role=\"button\" rel=\"noopener\">\n\t\t\t\t\tSaiba mais\n\t<\/a>\n\t\t\t\t\t\t\t<img decoding=\"async\" loading=\"lazy\" src=\"https:\/\/site2022.grefortec.com.br\/wp-content\/uploads\/2022\/10\/equipamentos-cinza.png\" alt=\"equipamentos-cinza\" itemprop=\"image\" height=\"100\" width=\"100\" title=\"equipamentos-cinza\" onerror=\"this.style.display='none'\"  sizes=\"auto, (max-width: 768px) 100vw, 100vw\"\/>\t\t\t\t\t\t\t\n<h3>\n\t\t\t<a href=\"\/industries-served\/industrial-construction\/\" title=\"Estufas\" target=\"_self\" rel=\"noopener\">\n\tEstufas\n\t\t\t<\/a>\n\t<\/h3>\n\t<p>Estufas com aquecimento el\u00e9trico, cont\u00ednua e est\u00e1tica, indicadas para processos unit\u00e1rios, batelada, produ\u00e7\u00e3o cont\u00ednua, testes e outros<\/p>\n<ul>\n<li> Estacion\u00e1rias <\/li>\n<li> Cont\u00ednuas <\/li>\n<li> Anal\u00edticas <\/li>\n<li> Especiais <\/li>\n<li> Automatizadas <\/li>\n<\/ul>\n\t<a href=\"https:\/\/site2022.grefortec.com.br\/?page_id=12696\" target=\"_self\" role=\"button\" rel=\"noopener\">\n\t\t\t\t\tSaiba mais\n\t<\/a>\n\t\t\t\t\t\t\t<img decoding=\"async\" loading=\"lazy\" src=\"https:\/\/site2022.grefortec.com.br\/wp-content\/uploads\/2022\/10\/Especiais-cinza.png\" alt=\"Especiais-cinza\" itemprop=\"image\" height=\"100\" width=\"100\" title=\"Especiais-cinza\" onerror=\"this.style.display='none'\"  sizes=\"auto, (max-width: 768px) 100vw, 100vw\"\/>\t\t\t\t\t\t\t\n<h3>\n\t\t\t<a href=\"\/industries-served\/oil-gas-energy\/\" title=\"Projetos Especiais\" target=\"_self\" rel=\"noopener\">\n\tProjetos Especiais\n\t\t\t<\/a>\n\t<\/h3>\n\t<p>Nossa equipe t\u00e9cnica desenvolve todas as etapas do projeto \u00e0 produ\u00e7\u00e3o com solu\u00e7\u00f5es exclusivas para a necessidade de cada cliente.<\/p>\n<ul>\n<li> Fornos Especiais <\/li>\n<li> Lavadoras Especiais <\/li>\n<li> Estufas Especiais <\/li>\n<\/ul>\n\t<a href=\"https:\/\/site2022.grefortec.com.br\/?page_id=12707\" target=\"_self\" role=\"button\" rel=\"noopener\">\n\t\t\t\t\tSaiba mais\n\t<\/a>\n<h2>\n\t<strong>Servi\u00e7os<\/strong> complementares\n\t<\/h2>\n<h4>\n\tPe\u00e7as de Reposi\u00e7\u00e3o\n\t<\/h4>\n\t<p>Pe\u00e7as para equipamentos fabricados pela Grefortec ou de outras marcas e desenvolvimentos especiais.<\/p>\n<h4>\n\tManuten\u00e7\u00e3o\n\t<\/h4>\n\t<p>Equipe t\u00e9cnica capacitada para manuten\u00e7\u00e3o corretiva, preventiva e preditiva em fornos, lavadoras, estufas. <\/p>\n<h4>\n\tRetrofit\n\t<\/h4>\n\t<p>Reconstru\u00e7\u00e3o e moderniza\u00e7\u00e3o de equipamentos antigos ou seminovos para melhorar a efici\u00eancia sem perder o investimento inicial no maquin\u00e1rio.<\/p>\n<h4>\n\tReformas\n\t<\/h4>\n\t<p>Reformas refrat\u00e1rias e gerais de equipamentos, recuperando desde a estrutura e chaparia at\u00e9 as partes eletroeletr\u00f4nicas.<\/p>\n<h4>\n\tLaborat\u00f3rio\n\t<\/h4>\n\t<p>Equipamentos dedicados para a an\u00e1lise de qualidade, teste de rea\u00e7\u00e3o a fogo e preven\u00e7\u00e3o a inc\u00eandios.<\/p>\n\n<\/div><!-- .vgblk-rw-wrapper -->","protected":false},"excerpt":{"rendered":"<p>Servi\u00e7os principais Fornos Fornos para tratamento t\u00e9rmico de metais, fus\u00e3o, manuten\u00e7\u00e3o, espera e transporte de n\u00e3o ferrosos, forjaria e processos espec\u00edficos. Tratamento t\u00e9rmico Fus\u00e3o de n\u00e3o ferrosos e conforma\u00e7\u00e3o Fornos especiais Forno Mufla Aichelin Saiba mais Lavadoras Lavadoras para processos unit\u00e1rios, batelada, produ\u00e7\u00e3o cont\u00ednua e lavagem de pe\u00e7as \u00e0 v\u00e1cuo, com cria\u00e7\u00e3o de projeto personalizado&#8230;<\/p>\n","protected":false},"author":1,"featured_media":0,"parent":0,"menu_order":0,"comment_status":"closed","ping_status":"closed","template":"","meta":{"inline_featured_image":false,"footnotes":""},"class_list":["post-13334","page","type-page","status-publish","hentry"],"jetpack_sharing_enabled":true,"_links":{"self":[{"href":"https:\/\/site2022.grefortec.com.br\/index.php\/wp-json\/wp\/v2\/pages\/13334","targetHints":{"allow":["GET"]}}],"collection":[{"href":"https:\/\/site2022.grefortec.com.br\/index.php\/wp-json\/wp\/v2\/pages"}],"about":[{"href":"https:\/\/site2022.grefortec.com.br\/index.php\/wp-json\/wp\/v2\/types\/page"}],"author":[{"embeddable":true,"href":"https:\/\/site2022.grefortec.com.br\/index.php\/wp-json\/wp\/v2\/users\/1"}],"replies":[{"embeddable":true,"href":"https:\/\/site2022.grefortec.com.br\/index.php\/wp-json\/wp\/v2\/comments?post=13334"}],"version-history":[{"count":8,"href":"https:\/\/site2022.grefortec.com.br\/index.php\/wp-json\/wp\/v2\/pages\/13334\/revisions"}],"predecessor-version":[{"id":988710,"href":"https:\/\/site2022.grefortec.com.br\/index.php\/wp-json\/wp\/v2\/pages\/13334\/revisions\/988710"}],"wp:attachment":[{"href":"https:\/\/site2022.grefortec.com.br\/index.php\/wp-json\/wp\/v2\/media?parent=13334"}],"curies":[{"name":"wp","href":"https:\/\/api.w.org\/{rel}","templated":true}]}}