{"id":12320,"date":"2017-04-25T22:40:51","date_gmt":"2017-04-25T22:40:51","guid":{"rendered":"https:\/\/nex.vamtam.com\/?page_id=12320"},"modified":"2023-01-02T18:19:20","modified_gmt":"2023-01-02T18:19:20","slug":"tratamento-termico","status":"publish","type":"page","link":"https:\/\/site2022.grefortec.com.br\/index.php\/tratamento-termico\/","title":{"rendered":"Tratamento T\u00e9rmico"},"content":{"rendered":"<div class=\"vgblk-rw-wrapper limit-wrapper\">\n<h2>\n\tTratamento <b> T\u00e9rmico de Metais <\/b>\n\t<\/h2>\n<h3>\n\tN\u00f3s tratamos bem a sua pe\u00e7a\n\t<\/h3>\n\t<p>A Grefortec est\u00e1 no mercado h\u00e1 mais de 30 anos, realizando o tratamento t\u00e9rmico de pe\u00e7as atrav\u00e9s dos mais modernos processos industriais. Al\u00e9m disso, contamos com os melhores profissionais do mercado e um laborat\u00f3rio pr\u00f3prio.<\/p>\n<p>Tudo isso para assegurar a qualidade dos nossos produtos e servi\u00e7os, que s\u00e3o certificados com ISO 9001:2015!<\/p>\n<p>Trabalhamos com o tratamento t\u00e9rmico de metais como a\u00e7o, alum\u00ednio e ferro fundido. Nossos processos s\u00e3o realizados com o objetivo de obter a melhor performance de cada pe\u00e7a, considerando as caracter\u00edsticas e necessidades individuais de cada setor atendido.<\/p>\n<h2>\n\tAtendemos diversos  <b> setores da ind\u00fastria <\/b>\n\t<\/h2>\n<h5>\n\tAutomotivo\n\t<\/h5>\n<h5>\n\tAgr\u00edcola\n\t<\/h5>\n<h5>\n\tConstru\u00e7\u00e3o Civil\n\t<\/h5>\n<h5>\n\tTransporte\n\t<\/h5>\n<h5>\n\tMetalurgia\n\t<\/h5>\n<h5>\n\tTecnologia\n\t<\/h5>\n<h5>\n\tMec\u00e2nica\n\t<\/h5>\n<h5>\n\tArmamentista\n\t<\/h5>\n<h5>\n\tEl\u00e9trica\n\t<\/h5>\n<h5>\n\tFerrovi\u00e1rio\n\t<\/h5>\n\n<\/div><!-- .vgblk-rw-wrapper -->","protected":false},"excerpt":{"rendered":"<p>Tratamento T\u00e9rmico de Metais N\u00f3s tratamos bem a sua pe\u00e7a A Grefortec est\u00e1 no mercado h\u00e1 mais de 30 anos, realizando o tratamento t\u00e9rmico de pe\u00e7as atrav\u00e9s dos mais modernos processos industriais. Al\u00e9m disso, contamos com os melhores profissionais do mercado e um laborat\u00f3rio pr\u00f3prio. Tudo isso para assegurar a qualidade dos nossos produtos e&#8230;<\/p>\n","protected":false},"author":1,"featured_media":0,"parent":0,"menu_order":0,"comment_status":"closed","ping_status":"closed","template":"","meta":{"inline_featured_image":false,"footnotes":""},"class_list":["post-12320","page","type-page","status-publish","hentry"],"jetpack_sharing_enabled":true,"_links":{"self":[{"href":"https:\/\/site2022.grefortec.com.br\/index.php\/wp-json\/wp\/v2\/pages\/12320","targetHints":{"allow":["GET"]}}],"collection":[{"href":"https:\/\/site2022.grefortec.com.br\/index.php\/wp-json\/wp\/v2\/pages"}],"about":[{"href":"https:\/\/site2022.grefortec.com.br\/index.php\/wp-json\/wp\/v2\/types\/page"}],"author":[{"embeddable":true,"href":"https:\/\/site2022.grefortec.com.br\/index.php\/wp-json\/wp\/v2\/users\/1"}],"replies":[{"embeddable":true,"href":"https:\/\/site2022.grefortec.com.br\/index.php\/wp-json\/wp\/v2\/comments?post=12320"}],"version-history":[{"count":4,"href":"https:\/\/site2022.grefortec.com.br\/index.php\/wp-json\/wp\/v2\/pages\/12320\/revisions"}],"predecessor-version":[{"id":988645,"href":"https:\/\/site2022.grefortec.com.br\/index.php\/wp-json\/wp\/v2\/pages\/12320\/revisions\/988645"}],"wp:attachment":[{"href":"https:\/\/site2022.grefortec.com.br\/index.php\/wp-json\/wp\/v2\/media?parent=12320"}],"curies":[{"name":"wp","href":"https:\/\/api.w.org\/{rel}","templated":true}]}}