{"id":12176,"date":"2017-04-21T10:20:39","date_gmt":"2017-04-21T10:20:39","guid":{"rendered":"https:\/\/nex.vamtam.com\/?page_id=12176"},"modified":"2023-01-05T05:23:52","modified_gmt":"2023-01-05T05:23:52","slug":"nossa-cultura","status":"publish","type":"page","link":"https:\/\/site2022.grefortec.com.br\/index.php\/nossa-cultura\/","title":{"rendered":"Nossa Cultura"},"content":{"rendered":"<div class=\"vgblk-rw-wrapper limit-wrapper\">\n<h2>\n\tMiss\u00e3o: <br \/><strong> aquilo que nos move <\/strong>\n\t<\/h2>\n\t<p>Resolver problemas de aquecimento, seguindo sempre as exig\u00eancias de nossos clientes.<\/p>\n<h2>\n\tVis\u00e3o:<br \/><strong> nosso olhar no futuro<\/strong>\n\t<\/h2>\n\t<p>Expandir o parque industrial incluindo seu faturamento em 10% anual e ter uma estrutura especializada para atender ao mercado exterior.<\/p>\n<h2>\n\tValores: <br \/><strong>a base dos nossos neg\u00f3cios <\/strong>\n\t<\/h2>\n\t<ul>\n<li>Responsabilidade e comprometimento da dire\u00e7\u00e3o como base de qualquer rela\u00e7\u00e3o;<\/li>\n<li>Foco no cliente \u00e9 o ingrediente fundamental do nosso sucesso;<\/li>\n<li>Gest\u00e3o da qualidade em nossos processos;<\/li>\n<li>Responsabilidade e comunica\u00e7\u00e3o constantes;<\/li>\n<li>Seguran\u00e7a dos funcion\u00e1rios \u00e9 nossa prioridade.<\/li>\n<\/ul>\n<h2>\n\tQualidade<br \/><strong>Comprovada<\/strong>\n\t<\/h2>\n\t<p>A Grefortec tem um rigoroso sistema de gest\u00e3o de qualidade, pois nos preocupamos em manter altos padr\u00f5es para nossos clientes. E \u00e9 por isso que todos os nossos produtos e servi\u00e7os tem certifica\u00e7\u00e3o ISO 9001:2015.<\/p>\n<h2>\n\t<strong> Programa 5S <\/strong>\n\t<\/h2>\n\t<p>Toda a organiza\u00e7\u00e3o dos nossos processos passa por auditoria interna levando em conta os 5 elementos da metodologia japonesa &#8220;5S&#8221;. S\u00e3o eles: utiliza\u00e7\u00e3o, ordem, limpeza, disciplina, higiene, asseio e sa\u00fade.<\/p>\n\t\t\tNormas de Seguran\u00e7a do Trabalho\n\t\t<p>Acreditamos que o bem-estar e seguran\u00e7a dos colaboradores \u00e9 uma responsabilidade da ind\u00fastria e fazemos quest\u00e3o de cumprir esse dever.<\/p>\n\t\t\tEquipamentos Seguros\n\t\t<p>Nossos equipamentos contemplam as Normas Brasileiras de Sa\u00fade e Seguran\u00e7a do Trabalho, com NR 10, NR 12, NR 17, relat\u00f3rio de An\u00e1lise Preliminar de Riscos, laudos de certifica\u00e7\u00e3o e ART de efetiva\u00e7\u00e3o.<\/p>\n\t\t\tTestes em Laborat\u00f3rio\n\t\t<p>Contamos com um laborat\u00f3rio e equipamentos dedicados para a an\u00e1lise de qualidade, relizamos try out..<\/p>\n\t\t\tForma\u00e7\u00e3o de Profissionais\n\t\t<p>A Grefortec contribui com o crescimento da ind\u00fastria realizando cursos de Imers\u00e3o em Tratamento T\u00e9rmico de Metais durante todo ano. Nossas sedes tamb\u00e9m recebem visitas de diversos cursos do setor metalmec\u00e2nico.<\/p>\n\n<\/div><!-- .vgblk-rw-wrapper -->","protected":false},"excerpt":{"rendered":"<p>Miss\u00e3o: aquilo que nos move Resolver problemas de aquecimento, seguindo sempre as exig\u00eancias de nossos clientes. Vis\u00e3o: nosso olhar no futuro Expandir o parque industrial incluindo seu faturamento em 10% anual e ter uma estrutura especializada para atender ao mercado exterior. Valores: a base dos nossos neg\u00f3cios Responsabilidade e comprometimento da dire\u00e7\u00e3o como base de&#8230;<\/p>\n","protected":false},"author":1,"featured_media":0,"parent":0,"menu_order":0,"comment_status":"closed","ping_status":"closed","template":"","meta":{"inline_featured_image":false,"footnotes":""},"class_list":["post-12176","page","type-page","status-publish","hentry"],"jetpack_sharing_enabled":true,"_links":{"self":[{"href":"https:\/\/site2022.grefortec.com.br\/index.php\/wp-json\/wp\/v2\/pages\/12176","targetHints":{"allow":["GET"]}}],"collection":[{"href":"https:\/\/site2022.grefortec.com.br\/index.php\/wp-json\/wp\/v2\/pages"}],"about":[{"href":"https:\/\/site2022.grefortec.com.br\/index.php\/wp-json\/wp\/v2\/types\/page"}],"author":[{"embeddable":true,"href":"https:\/\/site2022.grefortec.com.br\/index.php\/wp-json\/wp\/v2\/users\/1"}],"replies":[{"embeddable":true,"href":"https:\/\/site2022.grefortec.com.br\/index.php\/wp-json\/wp\/v2\/comments?post=12176"}],"version-history":[{"count":13,"href":"https:\/\/site2022.grefortec.com.br\/index.php\/wp-json\/wp\/v2\/pages\/12176\/revisions"}],"predecessor-version":[{"id":988750,"href":"https:\/\/site2022.grefortec.com.br\/index.php\/wp-json\/wp\/v2\/pages\/12176\/revisions\/988750"}],"wp:attachment":[{"href":"https:\/\/site2022.grefortec.com.br\/index.php\/wp-json\/wp\/v2\/media?parent=12176"}],"curies":[{"name":"wp","href":"https:\/\/api.w.org\/{rel}","templated":true}]}}