{"id":11419,"date":"2016-12-05T16:29:56","date_gmt":"2016-12-05T16:29:56","guid":{"rendered":"https:\/\/nex.vamtam.com\/?page_id=11419"},"modified":"2023-01-05T05:20:32","modified_gmt":"2023-01-05T05:20:32","slug":"home","status":"publish","type":"page","link":"https:\/\/site2022.grefortec.com.br\/","title":{"rendered":"Home"},"content":{"rendered":"<div class=\"vgblk-rw-wrapper limit-wrapper\">\n\n\t\t\t\t<a href=\"https:\/\/site2022.grefortec.com.br\/?page_id=13334\" target=\"_self\" itemprop=\"url\" title=\"equipamentos-laranja\" rel=\"noopener\">\n\t\t\t\t\t\t\t<img decoding=\"async\" loading=\"lazy\" src=\"https:\/\/site2022.grefortec.com.br\/wp-content\/uploads\/2022\/10\/equipamentos-laranja.png\" alt=\"equipamentos-laranja\" itemprop=\"image\" height=\"100\" width=\"100\" data-link-type=\"url\" title=\"equipamentos-laranja\" onerror=\"this.style.display='none'\"  sizes=\"auto, (max-width: 768px) 100vw, 100vw\"\/>\t\t\t\t\t\t<\/a>\n<h3>\n\t\t\t<a href=\"https:\/\/site2022.grefortec.com.br\/?page_id=13334\" title=\"Equipamentos\" target=\"_self\" rel=\"noopener\">\n\tEquipamentos\n\t\t\t<\/a>\n\t<\/h3>\n\t<p>Especialistas no desenvolvimento de equipamentos industriais sob medida para as necessidades do cliente.<\/p>\n\t\t\t\t<a href=\"https:\/\/site2022.grefortec.com.br\/?page_id=988116\" target=\"_self\" itemprop=\"url\" title=\"fornos-laranja\" rel=\"noopener\">\n\t\t\t\t\t\t\t<img decoding=\"async\" loading=\"lazy\" src=\"https:\/\/site2022.grefortec.com.br\/wp-content\/uploads\/2022\/10\/fornos-laranja.png\" alt=\"fornos-laranja\" itemprop=\"image\" height=\"100\" width=\"100\" data-link-type=\"url\" title=\"fornos-laranja\" onerror=\"this.style.display='none'\"  sizes=\"auto, (max-width: 768px) 100vw, 100vw\"\/>\t\t\t\t\t\t<\/a>\n<h3>\n\t\t\t<a href=\"https:\/\/site2022.grefortec.com.br\/?page_id=988116\" title=\"Fornos\" target=\"_self\" rel=\"noopener\">\n\tFornos\n\t\t\t<\/a>\n\t<\/h3>\n\t<p>Fabrica\u00e7\u00e3o de fornos para tratamento t\u00e9rmico, fus\u00e3o, manuten\u00e7\u00e3o, forjaria, processos espec\u00edficos e outros.<\/p>\n\t\t\t\t<a href=\"https:\/\/site2022.grefortec.com.br\/?page_id=12320\" target=\"_self\" itemprop=\"url\" title=\"trat-termico-laranja\" rel=\"noopener\">\n\t\t\t\t\t\t\t<img decoding=\"async\" loading=\"lazy\" src=\"https:\/\/site2022.grefortec.com.br\/wp-content\/uploads\/2022\/10\/trat-termico-laranja.png\" alt=\"trat-termico-laranja\" itemprop=\"image\" height=\"100\" width=\"100\" data-link-type=\"url\" title=\"trat-termico-laranja\" onerror=\"this.style.display='none'\"  sizes=\"auto, (max-width: 768px) 100vw, 100vw\"\/>\t\t\t\t\t\t<\/a>\n<h3>\n\t\t\t<a href=\"https:\/\/site2022.grefortec.com.br\/?page_id=12320\" title=\"Tratamento T\u00e9rmico\" target=\"_self\" rel=\"noopener\">\n\tTratamento T\u00e9rmico\n\t\t\t<\/a>\n\t<\/h3>\n\t<p>N\u00f3s tratamos bem a sua pe\u00e7a com os melhores processos de tratamento t\u00e9rmico da ind\u00fastria.<\/p>\n\t\t\t\t<a href=\"https:\/\/site2022.grefortec.com.br\/?page_id=988143\" target=\"_self\" itemprop=\"url\" title=\"lavadora-laranja\" rel=\"noopener\">\n\t\t\t\t\t\t\t<img decoding=\"async\" loading=\"lazy\" src=\"https:\/\/site2022.grefortec.com.br\/wp-content\/uploads\/2022\/10\/lavadora-laranja.png\" alt=\"lavadora-laranja\" itemprop=\"image\" height=\"100\" width=\"100\" data-link-type=\"url\" title=\"lavadora-laranja\" onerror=\"this.style.display='none'\"  sizes=\"auto, (max-width: 768px) 100vw, 100vw\"\/>\t\t\t\t\t\t<\/a>\n<h3>\n\t\t\t<a href=\"https:\/\/site2022.grefortec.com.br\/?page_id=988143\" title=\"Lavadoras\" target=\"_self\" rel=\"noopener\">\n\tLavadoras\n\t\t\t<\/a>\n\t<\/h3>\n\t<p>Fabrica\u00e7\u00e3o de lavadoras para processos unit\u00e1rios, batelada, produ\u00e7\u00e3o cont\u00ednua, lavagem \u00e0 v\u00e1cuo e outros.<\/p>\n<h5>\n\tSOBRE N\u00d3S\n\t<\/h5>\n\t<h2><strong>Solu\u00e7\u00e3o completa<\/strong> para a ind\u00fastria<\/h2>\n\t<p>Somos um dos maiores fabricantes de equipamentos para tratamento t\u00e9rmico do mercado. Oferecemos servi\u00e7os exclusivos e diferenciados para cada cliente, do projeto \u00e0 produ\u00e7\u00e3o.<\/p>\n\t\t\t<a href=\"\/?page_id=13345\" target=\"_self\" role=\"button\" rel=\"noopener\">\n\t\t\t\t\t\t\tConhe\u00e7a nossa hist\u00f3ria\n\t\t\t\t\t<\/a>\n<h2>\n\tH\u00e1 mais de 31 anos\n\t<\/h2>\n\t<p>apaixonados por tratamento t\u00e9rmico<\/p>\n\t<a href=\"https:\/\/www.youtube.com\/watch?v=uBWk0TlWpBw&#038;t=44s\" target=\"_blank\" role=\"button\" rel=\"noopener\">\n\t\t\t\t\tPlay Video\n\t<\/a>\n\t<h2><strong>Qualidade<\/strong><br \/>\nComprovada<\/h2>\n\t<p>Todos os nossos produtos e servi\u00e7os passam por um rigoroso sistema de gest\u00e3o de qualidade.<\/p>\n\t\u25ce \u00a0 \u00a0Produtos e servi\u00e7os com certifica\u00e7\u00e3o ISO 9001:2015<br \/>\n\u25ce \u00a0 \u00a0Laborat\u00f3rio para an\u00e1lises e testes<br \/>\n\u25ce \u00a0 \u00a0Organiza\u00e7\u00e3o de processos com o Programa 5S<br \/>\n\u25ce \u00a0 \u00a0Auditorias internas regulares\n\t<a href=\"https:\/\/site2022.grefortec.com.br\/?page_id=12176\" target=\"_self\" role=\"button\" rel=\"noopener\">\n\t\t\t\t\tNossa Hist\u00f3ria\n\t<\/a>\n<h5>\n\tGREFORTEC\n\t<\/h5>\n\t<h2>Compromisso com a <strong>Sustentabilidade<\/strong><\/h2>\n\t<p>O respeito ao meio ambiente faz parte dos valores em que acreditamos. Por isso, buscamos meios sustent\u00e1veis para a execu\u00e7\u00e3o de todos os nossos processos.<\/p>\n\t<a href=\"https:\/\/site2022.grefortec.com.br\/?page_id=13349\" target=\"_self\" role=\"button\" rel=\"noopener\">\n\t\t\t\t\tSaiba mais sobre nossas a\u00e7\u00f5es de sustentabilidade\n\t<\/a>\n<h4>\n\tCertifica\u00e7\u00e3o em Energia Renov\u00e1vel\n\t<\/h4>\n\t<p>A partir de diversas medidas reduzimos 105,305 toneladas na nossa emiss\u00e3o de CO2 e passamos a utilizar energia el\u00e9trica fotovoltaica, contribuindo para a preserva\u00e7\u00e3o ambiental e economia.<\/p>\n<h4>\n\tMeio Ambiente\n\t<\/h4>\n\t<p>Nos \u00faltimos 20 anos plantamos e garantimos a conserva\u00e7\u00e3o de mais de 2910 \u00e1rvores em nossas sedes.<\/p>\n<h4>\n\tProcessos Sustent\u00e1veis\n\t<\/h4>\n\t<p> Nosso tratamento t\u00e9rmico de t\u00eampera utiliza \u00f3leo mineral recicl\u00e1vel. Acompanhamos todas as etapas de recolhimento para garantir o descarte adequado. <\/p>\n<h4>\n\tReciclagem\n\t<\/h4>\n\t<p>Separamos o lixo para a coleta seletiva, onde mais de 45 toneladas de papel e papel\u00e3o s\u00e3o recicladas anualmente. Realizamos campanhas para arrecada\u00e7\u00e3o de latinhas, com doa\u00e7\u00e3o de valores para a APAE.<\/p>\n\t\t\t\t\t\t\t<img decoding=\"async\" loading=\"lazy\" src=\"https:\/\/site2022.grefortec.com.br\/wp-content\/uploads\/2022\/10\/stihl.png\" alt=\"stihl\" itemprop=\"image\" height=\"275\" width=\"300\" title=\"stihl\" onerror=\"this.style.display='none'\"  sizes=\"auto, (max-width: 768px) 100vw, 100vw\"\/>\t\t\t\t\t\t\t\n\t\t\t\t\t\t\t<img decoding=\"async\" loading=\"lazy\" src=\"https:\/\/site2022.grefortec.com.br\/wp-content\/uploads\/2022\/10\/mercedes-benz.png\" alt=\"mercedes-benz\" itemprop=\"image\" height=\"275\" width=\"300\" title=\"mercedes-benz\" onerror=\"this.style.display='none'\"  sizes=\"auto, (max-width: 768px) 100vw, 100vw\"\/>\t\t\t\t\t\t\t\n\t\t\t\t\t\t\t<img decoding=\"async\" loading=\"lazy\" src=\"https:\/\/site2022.grefortec.com.br\/wp-content\/uploads\/2022\/10\/dana.png\" alt=\"dana\" itemprop=\"image\" height=\"275\" width=\"300\" title=\"dana\" onerror=\"this.style.display='none'\"  sizes=\"auto, (max-width: 768px) 100vw, 100vw\"\/>\t\t\t\t\t\t\t\n\t\t\t\t\t\t\t<img decoding=\"async\" loading=\"lazy\" src=\"https:\/\/site2022.grefortec.com.br\/wp-content\/uploads\/2018\/01\/randon.png\" alt=\"randon\" itemprop=\"image\" height=\"275\" width=\"300\" title=\"randon\" onerror=\"this.style.display='none'\"  sizes=\"auto, (max-width: 768px) 100vw, 100vw\"\/>\t\t\t\t\t\t\t\n\t\t\t\t\t\t\t<img decoding=\"async\" loading=\"lazy\" src=\"https:\/\/site2022.grefortec.com.br\/wp-content\/uploads\/2018\/01\/madal.png\" alt=\"madal\" itemprop=\"image\" height=\"275\" width=\"300\" title=\"madal\" onerror=\"this.style.display='none'\"  sizes=\"auto, (max-width: 768px) 100vw, 100vw\"\/>\t\t\t\t\t\t\t\n\t\t\t\t\t\t\t<img decoding=\"async\" loading=\"lazy\" src=\"https:\/\/site2022.grefortec.com.br\/wp-content\/uploads\/2022\/10\/fiat.png\" alt=\"fiat\" itemprop=\"image\" height=\"275\" width=\"300\" title=\"fiat\" onerror=\"this.style.display='none'\"  sizes=\"auto, (max-width: 768px) 100vw, 100vw\"\/>\t\t\t\t\t\t\t\n<h2>\n\tNovidades\n\t<\/h2>\n\tInscreva-se para as \u00faltimas not\u00edcias.<br \/>\nFique atualizado sobre as \u00faltimas tend\u00eancias.\n\n<\/div><!-- .vgblk-rw-wrapper -->","protected":false},"excerpt":{"rendered":"<p>Equipamentos Especialistas no desenvolvimento de equipamentos industriais sob medida para as necessidades do cliente. Fornos Fabrica\u00e7\u00e3o de fornos para tratamento t\u00e9rmico, fus\u00e3o, manuten\u00e7\u00e3o, forjaria, processos espec\u00edficos e outros. Tratamento T\u00e9rmico N\u00f3s tratamos bem a sua pe\u00e7a com os melhores processos de tratamento t\u00e9rmico da ind\u00fastria. Lavadoras Fabrica\u00e7\u00e3o de lavadoras para processos unit\u00e1rios, batelada, produ\u00e7\u00e3o cont\u00ednua,&#8230;<\/p>\n","protected":false},"author":1,"featured_media":0,"parent":0,"menu_order":0,"comment_status":"closed","ping_status":"closed","template":"","meta":{"inline_featured_image":false,"footnotes":""},"class_list":["post-11419","page","type-page","status-publish","hentry"],"jetpack_sharing_enabled":true,"_links":{"self":[{"href":"https:\/\/site2022.grefortec.com.br\/index.php\/wp-json\/wp\/v2\/pages\/11419","targetHints":{"allow":["GET"]}}],"collection":[{"href":"https:\/\/site2022.grefortec.com.br\/index.php\/wp-json\/wp\/v2\/pages"}],"about":[{"href":"https:\/\/site2022.grefortec.com.br\/index.php\/wp-json\/wp\/v2\/types\/page"}],"author":[{"embeddable":true,"href":"https:\/\/site2022.grefortec.com.br\/index.php\/wp-json\/wp\/v2\/users\/1"}],"replies":[{"embeddable":true,"href":"https:\/\/site2022.grefortec.com.br\/index.php\/wp-json\/wp\/v2\/comments?post=11419"}],"version-history":[{"count":24,"href":"https:\/\/site2022.grefortec.com.br\/index.php\/wp-json\/wp\/v2\/pages\/11419\/revisions"}],"predecessor-version":[{"id":988749,"href":"https:\/\/site2022.grefortec.com.br\/index.php\/wp-json\/wp\/v2\/pages\/11419\/revisions\/988749"}],"wp:attachment":[{"href":"https:\/\/site2022.grefortec.com.br\/index.php\/wp-json\/wp\/v2\/media?parent=11419"}],"curies":[{"name":"wp","href":"https:\/\/api.w.org\/{rel}","templated":true}]}}